{"id":1052,"date":"2023-10-12T10:48:36","date_gmt":"2023-10-12T09:48:36","guid":{"rendered":"https:\/\/gellideg.net\/yr-hyn-rydym-yn-ei-wneud\/ieuenctid\/creu\/fei-gelwir-yn-ffasiwn\/"},"modified":"2024-03-04T11:53:20","modified_gmt":"2024-03-04T11:53:20","slug":"fei-gelwir-yn-ffasiwn","status":"publish","type":"page","link":"https:\/\/gellideg.net\/cy\/yr-hyn-rydym-yn-ei-wneud\/ieuenctid\/creu\/fei-gelwir-yn-ffasiwn\/","title":{"rendered":"FE\u2019I GELWIR YN FFASIWN"},"content":{"rendered":"\n<\/div>\n\n<section  class=\"header-block\" style=\"\">\n    <div class=\"container mx-auto my-10\">\n        <div class=\"relative\">\n        <img loading=\"lazy\" decoding=\"async\" width=\"1920\" height=\"1080\" src=\"https:\/\/gellideg.net\/wp-content\/uploads\/2023\/10\/postage-stamp.jpg\" class=\"mx-auto lg:h-[400px] h-[300px] w-full object-cover\" alt=\"\" srcset=\"https:\/\/gellideg.net\/wp-content\/uploads\/2023\/10\/postage-stamp.jpg 1920w, https:\/\/gellideg.net\/wp-content\/uploads\/2023\/10\/postage-stamp-300x169.jpg 300w, https:\/\/gellideg.net\/wp-content\/uploads\/2023\/10\/postage-stamp-1024x576.jpg 1024w, https:\/\/gellideg.net\/wp-content\/uploads\/2023\/10\/postage-stamp-768x432.jpg 768w, https:\/\/gellideg.net\/wp-content\/uploads\/2023\/10\/postage-stamp-1536x864.jpg 1536w\" sizes=\"(max-width: 1920px) 100vw, 1920px\" \/>            <div class=\"bg-yellow text-right\">\n        <h1 class=\" p-4\">FE\u2019I GELWIR YN FFASIWN<\/h1>\n            <\/div>\n<!--            <svg class=\"absolute inset-0 w-full object-cover \" width=\"1400\" height=\"263\" viewBox=\"0 0 1400 263\" fill=\"none\" xmlns=\"http:\/\/www.w3.org\/2000\/svg\">-->\n<!--                <path fill-rule=\"evenodd\" clip-rule=\"evenodd\" d=\"M1207.37 0.0481063C1109.43 1.00151 995.585 16.262 856.833 57.9062C675.834 123.05 617.275 144.701 479.624 203.007C407.996 233.347 209.153 268.148 0.0226826 245.481L0 245.478V245.479V263H1400V6.46915e-06H1217.36C1217.28 -2.1554e-06 1217.21 -2.15737e-06 1217.13 6.46915e-06H1207.67L1207.37 0.0481063Z\" fill=\"#F8C919\"\/>-->\n<!--            <\/svg>-->\n\n\n        <\/div>\n    <\/div>\n<\/section>\n\n<div class=\"container mx-auto\">\n\n\n\n<\/div><section  class=\"sidebar-page-block\" style=\"\">\n    <div class=\"container mx-auto\">\n        <div class=\"flex items-start justify-between flex-wrap\">\n            <div class=\"lg:basis-9\/12 lg:pr-8\">\n                <div class=\"acf-innerblocks-container\">\n\n<p>Yn 2015 cysylltodd steilydd lleol, Charlotte James, \u00e2 diddordeb mewn creu sesiwn tynnu lluniau a gwisgoedd ffasiwn gyda phobl ifanc o&#8217;r ardal. Gofynnodd y t\u00eem ieuenctid i&#8217;r bobl ifanc a allai fod \u00e2 diddordeb ac roedd gr\u0175p o ferched 10-13 oed, rhai yn fwy hyderus nag eraill, yn chwilfrydig am y prosiect. Cynhaliodd y t\u00eem ieuenctid gyfres o weithdai lle dysgodd pobl ifanc sgiliau gwn\u00efo, paentio golygfeydd, a rhoi cynnig ar offer. Buont yn gweithio gyda&#8217;r steilydd i wneud eu gwisgoedd, gan ddefnyddio llu o ddeunyddiau i fod yn greadigol. Ymunodd ffotograffydd, Clementine Schneidermann, \u00e2 ni. Awgrymodd y bobl ifanc lefydd lleol ar gyfer lleoliadau ei lluniau ac aeth y t\u00eem ieuenctid \u00e2 nhw i gyd dros Ferthyr Tudful ac yng nghefn gwlad. Cymerodd Clementine rai lluniau anhygoel o&#8217;r merched a dyfodd mewn hyder a gallu. Mae&#8217;r lluniau a ddeilliodd wedi cyrraedd cynulleidfa fyd-eang gydag erthyglau yn Vogue ac ar y BBC. Cafodd y merched eu cyfweld gan y Guardian a mynychu premier o&#8217;r arddangosfa ffotograffig yn Sefydliad Martin Parr ym Mryste lle arddangoswyd eu lluniau. Cafodd un o&#8217;r bobl ifanc gyfle i fodelu yn Llundain ar gyfer shoot Chanel ac mae wedi cysylltu \u00e2 nhw am ragor o gyfleoedd modelu.         <\/p>\n\n\n\n<figure class=\"wp-block-gallery has-nested-images columns-default is-cropped wp-block-gallery-1 is-layout-flex wp-block-gallery-is-layout-flex\">\n<figure class=\"wp-block-image size-full\"><img loading=\"lazy\" decoding=\"async\" width=\"750\" height=\"928\" src=\"https:\/\/gellideg.net\/wp-content\/uploads\/2023\/10\/shoe.jpg\" alt=\"\" class=\"wp-image-281\" srcset=\"https:\/\/gellideg.net\/wp-content\/uploads\/2023\/10\/shoe.jpg 750w, https:\/\/gellideg.net\/wp-content\/uploads\/2023\/10\/shoe-242x300.jpg 242w\" sizes=\"(max-width: 750px) 100vw, 750px\" \/><\/figure>\n\n\n\n<figure class=\"wp-block-image size-full\"><img loading=\"lazy\" decoding=\"async\" width=\"480\" height=\"640\" src=\"https:\/\/gellideg.net\/wp-content\/uploads\/2023\/10\/tea-party.jpg\" alt=\"\" class=\"wp-image-279\" srcset=\"https:\/\/gellideg.net\/wp-content\/uploads\/2023\/10\/tea-party.jpg 480w, https:\/\/gellideg.net\/wp-content\/uploads\/2023\/10\/tea-party-225x300.jpg 225w\" sizes=\"(max-width: 480px) 100vw, 480px\" \/><\/figure>\n\n\n\n<figure class=\"wp-block-image size-full\"><img loading=\"lazy\" decoding=\"async\" width=\"640\" height=\"480\" src=\"https:\/\/gellideg.net\/wp-content\/uploads\/2023\/10\/working.jpg\" alt=\"\" class=\"wp-image-284\" srcset=\"https:\/\/gellideg.net\/wp-content\/uploads\/2023\/10\/working.jpg 640w, https:\/\/gellideg.net\/wp-content\/uploads\/2023\/10\/working-300x225.jpg 300w\" sizes=\"(max-width: 640px) 100vw, 640px\" \/><\/figure>\n\n\n\n<figure class=\"wp-block-image size-full\"><img loading=\"lazy\" decoding=\"async\" width=\"480\" height=\"640\" src=\"https:\/\/gellideg.net\/wp-content\/uploads\/2023\/10\/st-lukes.jpg\" alt=\"\" class=\"wp-image-280\" srcset=\"https:\/\/gellideg.net\/wp-content\/uploads\/2023\/10\/st-lukes.jpg 480w, https:\/\/gellideg.net\/wp-content\/uploads\/2023\/10\/st-lukes-225x300.jpg 225w\" sizes=\"(max-width: 480px) 100vw, 480px\" \/><\/figure>\n\n\n\n<figure class=\"wp-block-image size-full\"><img loading=\"lazy\" decoding=\"async\" width=\"640\" height=\"480\" src=\"https:\/\/gellideg.net\/wp-content\/uploads\/2023\/10\/sets.jpg\" alt=\"\" class=\"wp-image-283\" srcset=\"https:\/\/gellideg.net\/wp-content\/uploads\/2023\/10\/sets.jpg 640w, https:\/\/gellideg.net\/wp-content\/uploads\/2023\/10\/sets-300x225.jpg 300w\" sizes=\"(max-width: 640px) 100vw, 640px\" \/><\/figure>\n\n\n\n<figure class=\"wp-block-image size-full\"><img loading=\"lazy\" decoding=\"async\" width=\"640\" height=\"480\" src=\"https:\/\/gellideg.net\/wp-content\/uploads\/2023\/10\/line-up.jpg\" alt=\"\" class=\"wp-image-282\" srcset=\"https:\/\/gellideg.net\/wp-content\/uploads\/2023\/10\/line-up.jpg 640w, https:\/\/gellideg.net\/wp-content\/uploads\/2023\/10\/line-up-300x225.jpg 300w\" sizes=\"(max-width: 640px) 100vw, 640px\" \/><\/figure>\n\n\n\n<figure class=\"wp-block-image size-full\"><img loading=\"lazy\" decoding=\"async\" width=\"640\" height=\"480\" src=\"https:\/\/gellideg.net\/wp-content\/uploads\/2023\/10\/bunting.jpg\" alt=\"\" class=\"wp-image-285\" srcset=\"https:\/\/gellideg.net\/wp-content\/uploads\/2023\/10\/bunting.jpg 640w, https:\/\/gellideg.net\/wp-content\/uploads\/2023\/10\/bunting-300x225.jpg 300w\" sizes=\"(max-width: 640px) 100vw, 640px\" \/><\/figure>\n\n\n\n<figure class=\"wp-block-image size-full\"><img loading=\"lazy\" decoding=\"async\" width=\"640\" height=\"480\" src=\"https:\/\/gellideg.net\/wp-content\/uploads\/2023\/10\/hat.jpg\" alt=\"\" class=\"wp-image-286\" srcset=\"https:\/\/gellideg.net\/wp-content\/uploads\/2023\/10\/hat.jpg 640w, https:\/\/gellideg.net\/wp-content\/uploads\/2023\/10\/hat-300x225.jpg 300w\" sizes=\"(max-width: 640px) 100vw, 640px\" \/><\/figure>\n\n\n\n<figure class=\"wp-block-image size-large\"><img loading=\"lazy\" decoding=\"async\" width=\"576\" height=\"1024\" src=\"https:\/\/gellideg.net\/wp-content\/uploads\/2023\/10\/mushroom-576x1024.jpg\" alt=\"\" class=\"wp-image-293\" srcset=\"https:\/\/gellideg.net\/wp-content\/uploads\/2023\/10\/mushroom-576x1024.jpg 576w, https:\/\/gellideg.net\/wp-content\/uploads\/2023\/10\/mushroom-169x300.jpg 169w, https:\/\/gellideg.net\/wp-content\/uploads\/2023\/10\/mushroom.jpg 750w\" sizes=\"(max-width: 576px) 100vw, 576px\" \/><\/figure>\n\n\n\n<figure class=\"wp-block-image size-large\"><img loading=\"lazy\" decoding=\"async\" width=\"1024\" height=\"576\" src=\"https:\/\/gellideg.net\/wp-content\/uploads\/2023\/10\/black-and-white-1024x576.jpg\" alt=\"\" class=\"wp-image-288\" srcset=\"https:\/\/gellideg.net\/wp-content\/uploads\/2023\/10\/black-and-white-1024x576.jpg 1024w, https:\/\/gellideg.net\/wp-content\/uploads\/2023\/10\/black-and-white-300x169.jpg 300w, https:\/\/gellideg.net\/wp-content\/uploads\/2023\/10\/black-and-white-768x432.jpg 768w, https:\/\/gellideg.net\/wp-content\/uploads\/2023\/10\/black-and-white-1536x864.jpg 1536w, https:\/\/gellideg.net\/wp-content\/uploads\/2023\/10\/black-and-white.jpg 1920w\" sizes=\"(max-width: 1024px) 100vw, 1024px\" \/><\/figure>\n\n\n\n<figure class=\"wp-block-image size-large\"><img loading=\"lazy\" decoding=\"async\" width=\"1024\" height=\"819\" src=\"https:\/\/gellideg.net\/wp-content\/uploads\/2023\/10\/pink-wall-1024x819.jpg\" alt=\"\" class=\"wp-image-287\" srcset=\"https:\/\/gellideg.net\/wp-content\/uploads\/2023\/10\/pink-wall-1024x819.jpg 1024w, https:\/\/gellideg.net\/wp-content\/uploads\/2023\/10\/pink-wall-300x240.jpg 300w, https:\/\/gellideg.net\/wp-content\/uploads\/2023\/10\/pink-wall-768x614.jpg 768w, https:\/\/gellideg.net\/wp-content\/uploads\/2023\/10\/pink-wall-1536x1229.jpg 1536w, https:\/\/gellideg.net\/wp-content\/uploads\/2023\/10\/pink-wall.jpg 2000w\" sizes=\"(max-width: 1024px) 100vw, 1024px\" \/><\/figure>\n\n\n\n<figure class=\"wp-block-image size-full\"><img loading=\"lazy\" decoding=\"async\" width=\"480\" height=\"640\" src=\"https:\/\/gellideg.net\/wp-content\/uploads\/2023\/10\/Camera.jpg\" alt=\"\" class=\"wp-image-289\" srcset=\"https:\/\/gellideg.net\/wp-content\/uploads\/2023\/10\/Camera.jpg 480w, https:\/\/gellideg.net\/wp-content\/uploads\/2023\/10\/Camera-225x300.jpg 225w\" sizes=\"(max-width: 480px) 100vw, 480px\" \/><\/figure>\n\n\n\n<figure class=\"wp-block-image size-large\"><img loading=\"lazy\" decoding=\"async\" width=\"1024\" height=\"576\" src=\"https:\/\/gellideg.net\/wp-content\/uploads\/2023\/10\/postage-stamp-1-1024x576.jpg\" alt=\"\" class=\"wp-image-290\" srcset=\"https:\/\/gellideg.net\/wp-content\/uploads\/2023\/10\/postage-stamp-1-1024x576.jpg 1024w, https:\/\/gellideg.net\/wp-content\/uploads\/2023\/10\/postage-stamp-1-300x169.jpg 300w, https:\/\/gellideg.net\/wp-content\/uploads\/2023\/10\/postage-stamp-1-768x432.jpg 768w, https:\/\/gellideg.net\/wp-content\/uploads\/2023\/10\/postage-stamp-1-1536x864.jpg 1536w, https:\/\/gellideg.net\/wp-content\/uploads\/2023\/10\/postage-stamp-1.jpg 1920w\" sizes=\"(max-width: 1024px) 100vw, 1024px\" \/><\/figure>\n\n\n\n<figure class=\"wp-block-image size-large\"><img loading=\"lazy\" decoding=\"async\" width=\"1024\" height=\"819\" src=\"https:\/\/gellideg.net\/wp-content\/uploads\/2023\/10\/club-1024x819.jpg\" alt=\"\" class=\"wp-image-291\" srcset=\"https:\/\/gellideg.net\/wp-content\/uploads\/2023\/10\/club-1024x819.jpg 1024w, https:\/\/gellideg.net\/wp-content\/uploads\/2023\/10\/club-300x240.jpg 300w, https:\/\/gellideg.net\/wp-content\/uploads\/2023\/10\/club-768x614.jpg 768w, https:\/\/gellideg.net\/wp-content\/uploads\/2023\/10\/club.jpg 1500w\" sizes=\"(max-width: 1024px) 100vw, 1024px\" \/><\/figure>\n\n\n\n<figure class=\"wp-block-image size-full\"><img loading=\"lazy\" decoding=\"async\" width=\"640\" height=\"480\" src=\"https:\/\/gellideg.net\/wp-content\/uploads\/2023\/10\/designs.jpg\" alt=\"\" class=\"wp-image-292\" srcset=\"https:\/\/gellideg.net\/wp-content\/uploads\/2023\/10\/designs.jpg 640w, https:\/\/gellideg.net\/wp-content\/uploads\/2023\/10\/designs-300x225.jpg 300w\" sizes=\"(max-width: 640px) 100vw, 640px\" \/><\/figure>\n\n\n\n<figure class=\"wp-block-image size-full\"><img loading=\"lazy\" decoding=\"async\" width=\"640\" height=\"480\" src=\"https:\/\/gellideg.net\/wp-content\/uploads\/2023\/10\/wall.jpg\" alt=\"\" class=\"wp-image-294\" srcset=\"https:\/\/gellideg.net\/wp-content\/uploads\/2023\/10\/wall.jpg 640w, https:\/\/gellideg.net\/wp-content\/uploads\/2023\/10\/wall-300x225.jpg 300w\" sizes=\"(max-width: 640px) 100vw, 640px\" \/><\/figure>\n\n\n\n<figure class=\"wp-block-image size-full\"><img loading=\"lazy\" decoding=\"async\" width=\"640\" height=\"480\" src=\"https:\/\/gellideg.net\/wp-content\/uploads\/2023\/10\/road-shot.jpg\" alt=\"\" class=\"wp-image-295\" srcset=\"https:\/\/gellideg.net\/wp-content\/uploads\/2023\/10\/road-shot.jpg 640w, https:\/\/gellideg.net\/wp-content\/uploads\/2023\/10\/road-shot-300x225.jpg 300w\" sizes=\"(max-width: 640px) 100vw, 640px\" \/><\/figure>\n<\/figure>\n\n<\/div>\n            <\/div>\n            <div class=\"lg:basis-3\/12\">\n                                    <div class=\"bg-grey rounded border-yellow border-solid border-2 p-4 mb-4\">\n                        <h3 class=\"text-dark-blue mb-4\">Darllen mwy<\/h3>\n                                                    <ul class=\"!list-none\">\n                                                                                                    <li class=\" !list-none py-2\">\n                                        <a href=\"https:\/\/www.theguardian.com\/fashion\/2019\/mar\/18\/welsh-town-children-fashion-makeover\"\n                                           class=\"text-main-blue hover:text-main-yellow\">Y Guardian<\/a>\n                                    <\/li>\n                                                                                                                                        <li class=\" !list-none py-2\">\n                                        <a href=\"https:\/\/www.bbc.co.uk\/news\/uk-wales-47858955\"\n                                           class=\"text-main-blue hover:text-main-yellow\">Newyddion y BBC<\/a>\n                                    <\/li>\n                                                                                                                                        <li class=\" !list-none py-2\">\n                                        <a href=\"https:\/\/www.walesonline.co.uk\/news\/wales-news\/fashion-shoot-done-children-merthyr-16004651\"\n                                           class=\"text-main-blue hover:text-main-yellow\">Cymru Ar-lein<\/a>\n                                    <\/li>\n                                                                                                <\/ul>\n                                            <\/div>\n                            <\/div>\n        <\/div>\n<\/section>\n\n\n<div class=\"container mx-auto\">","protected":false},"excerpt":{"rendered":"","protected":false},"author":1,"featured_media":0,"parent":1050,"menu_order":0,"comment_status":"closed","ping_status":"closed","template":"","meta":{"footnotes":""},"acf":[],"yoast_head":"<!-- This site is optimized with the Yoast SEO plugin v20.12 - https:\/\/yoast.com\/wordpress\/plugins\/seo\/ -->\n<title>FE\u2019I GELWIR YN FFASIWN - Gellideg<\/title>\n<meta name=\"robots\" content=\"index, follow, max-snippet:-1, max-image-preview:large, max-video-preview:-1\" \/>\n<link rel=\"canonical\" href=\"https:\/\/gellideg.net\/cy\/yr-hyn-rydym-yn-ei-wneud\/ieuenctid\/creu\/fei-gelwir-yn-ffasiwn\/\" \/>\n<meta property=\"og:locale\" content=\"cy_GB\" \/>\n<meta property=\"og:type\" content=\"article\" \/>\n<meta property=\"og:title\" content=\"FE\u2019I GELWIR YN FFASIWN - Gellideg\" \/>\n<meta property=\"og:url\" content=\"https:\/\/gellideg.net\/cy\/yr-hyn-rydym-yn-ei-wneud\/ieuenctid\/creu\/fei-gelwir-yn-ffasiwn\/\" \/>\n<meta property=\"og:site_name\" content=\"Gellideg\" \/>\n<meta property=\"article:modified_time\" content=\"2024-03-04T11:53:20+00:00\" \/>\n<meta property=\"og:image\" content=\"https:\/\/gellideg.net\/wp-content\/uploads\/2023\/10\/shoe.jpg\" \/>\n<meta name=\"twitter:card\" content=\"summary_large_image\" \/>\n<meta name=\"twitter:label1\" content=\"Est. reading time\" \/>\n\t<meta name=\"twitter:data1\" content=\"1 minute\" \/>\n<script type=\"application\/ld+json\" class=\"yoast-schema-graph\">{\"@context\":\"https:\/\/schema.org\",\"@graph\":[{\"@type\":\"WebPage\",\"@id\":\"https:\/\/gellideg.net\/cy\/yr-hyn-rydym-yn-ei-wneud\/ieuenctid\/creu\/fei-gelwir-yn-ffasiwn\/\",\"url\":\"https:\/\/gellideg.net\/cy\/yr-hyn-rydym-yn-ei-wneud\/ieuenctid\/creu\/fei-gelwir-yn-ffasiwn\/\",\"name\":\"FE\u2019I GELWIR YN FFASIWN - Gellideg\",\"isPartOf\":{\"@id\":\"https:\/\/gellideg.net\/cy\/#website\"},\"datePublished\":\"2023-10-12T09:48:36+00:00\",\"dateModified\":\"2024-03-04T11:53:20+00:00\",\"breadcrumb\":{\"@id\":\"https:\/\/gellideg.net\/cy\/yr-hyn-rydym-yn-ei-wneud\/ieuenctid\/creu\/fei-gelwir-yn-ffasiwn\/#breadcrumb\"},\"inLanguage\":\"cy-GB\",\"potentialAction\":[{\"@type\":\"ReadAction\",\"target\":[\"https:\/\/gellideg.net\/cy\/yr-hyn-rydym-yn-ei-wneud\/ieuenctid\/creu\/fei-gelwir-yn-ffasiwn\/\"]}]},{\"@type\":\"BreadcrumbList\",\"@id\":\"https:\/\/gellideg.net\/cy\/yr-hyn-rydym-yn-ei-wneud\/ieuenctid\/creu\/fei-gelwir-yn-ffasiwn\/#breadcrumb\",\"itemListElement\":[{\"@type\":\"ListItem\",\"position\":1,\"name\":\"Home\",\"item\":\"https:\/\/gellideg.net\/cy\/cartref\/\"},{\"@type\":\"ListItem\",\"position\":2,\"name\":\"YR HYN RYDYM YN EI WNEUD\",\"item\":\"https:\/\/gellideg.net\/cy\/yr-hyn-rydym-yn-ei-wneud\/\"},{\"@type\":\"ListItem\",\"position\":3,\"name\":\"IEUENCTID\",\"item\":\"https:\/\/gellideg.net\/cy\/yr-hyn-rydym-yn-ei-wneud\/ieuenctid\/\"},{\"@type\":\"ListItem\",\"position\":4,\"name\":\"Creu\",\"item\":\"https:\/\/gellideg.net\/cy\/yr-hyn-rydym-yn-ei-wneud\/ieuenctid\/creu\/\"},{\"@type\":\"ListItem\",\"position\":5,\"name\":\"FE\u2019I GELWIR YN FFASIWN\"}]},{\"@type\":\"WebSite\",\"@id\":\"https:\/\/gellideg.net\/cy\/#website\",\"url\":\"https:\/\/gellideg.net\/cy\/\",\"name\":\"Gellideg\",\"description\":\"\",\"potentialAction\":[{\"@type\":\"SearchAction\",\"target\":{\"@type\":\"EntryPoint\",\"urlTemplate\":\"https:\/\/gellideg.net\/cy\/?s={search_term_string}\"},\"query-input\":\"required name=search_term_string\"}],\"inLanguage\":\"cy-GB\"}]}<\/script>\n<!-- \/ Yoast SEO plugin. -->","yoast_head_json":{"title":"FE\u2019I GELWIR YN FFASIWN - Gellideg","robots":{"index":"index","follow":"follow","max-snippet":"max-snippet:-1","max-image-preview":"max-image-preview:large","max-video-preview":"max-video-preview:-1"},"canonical":"https:\/\/gellideg.net\/cy\/yr-hyn-rydym-yn-ei-wneud\/ieuenctid\/creu\/fei-gelwir-yn-ffasiwn\/","og_locale":"cy_GB","og_type":"article","og_title":"FE\u2019I GELWIR YN FFASIWN - Gellideg","og_url":"https:\/\/gellideg.net\/cy\/yr-hyn-rydym-yn-ei-wneud\/ieuenctid\/creu\/fei-gelwir-yn-ffasiwn\/","og_site_name":"Gellideg","article_modified_time":"2024-03-04T11:53:20+00:00","og_image":[{"url":"https:\/\/gellideg.net\/wp-content\/uploads\/2023\/10\/shoe.jpg"}],"twitter_card":"summary_large_image","twitter_misc":{"Est. reading time":"1 minute"},"schema":{"@context":"https:\/\/schema.org","@graph":[{"@type":"WebPage","@id":"https:\/\/gellideg.net\/cy\/yr-hyn-rydym-yn-ei-wneud\/ieuenctid\/creu\/fei-gelwir-yn-ffasiwn\/","url":"https:\/\/gellideg.net\/cy\/yr-hyn-rydym-yn-ei-wneud\/ieuenctid\/creu\/fei-gelwir-yn-ffasiwn\/","name":"FE\u2019I GELWIR YN FFASIWN - Gellideg","isPartOf":{"@id":"https:\/\/gellideg.net\/cy\/#website"},"datePublished":"2023-10-12T09:48:36+00:00","dateModified":"2024-03-04T11:53:20+00:00","breadcrumb":{"@id":"https:\/\/gellideg.net\/cy\/yr-hyn-rydym-yn-ei-wneud\/ieuenctid\/creu\/fei-gelwir-yn-ffasiwn\/#breadcrumb"},"inLanguage":"cy-GB","potentialAction":[{"@type":"ReadAction","target":["https:\/\/gellideg.net\/cy\/yr-hyn-rydym-yn-ei-wneud\/ieuenctid\/creu\/fei-gelwir-yn-ffasiwn\/"]}]},{"@type":"BreadcrumbList","@id":"https:\/\/gellideg.net\/cy\/yr-hyn-rydym-yn-ei-wneud\/ieuenctid\/creu\/fei-gelwir-yn-ffasiwn\/#breadcrumb","itemListElement":[{"@type":"ListItem","position":1,"name":"Home","item":"https:\/\/gellideg.net\/cy\/cartref\/"},{"@type":"ListItem","position":2,"name":"YR HYN RYDYM YN EI WNEUD","item":"https:\/\/gellideg.net\/cy\/yr-hyn-rydym-yn-ei-wneud\/"},{"@type":"ListItem","position":3,"name":"IEUENCTID","item":"https:\/\/gellideg.net\/cy\/yr-hyn-rydym-yn-ei-wneud\/ieuenctid\/"},{"@type":"ListItem","position":4,"name":"Creu","item":"https:\/\/gellideg.net\/cy\/yr-hyn-rydym-yn-ei-wneud\/ieuenctid\/creu\/"},{"@type":"ListItem","position":5,"name":"FE\u2019I GELWIR YN FFASIWN"}]},{"@type":"WebSite","@id":"https:\/\/gellideg.net\/cy\/#website","url":"https:\/\/gellideg.net\/cy\/","name":"Gellideg","description":"","potentialAction":[{"@type":"SearchAction","target":{"@type":"EntryPoint","urlTemplate":"https:\/\/gellideg.net\/cy\/?s={search_term_string}"},"query-input":"required name=search_term_string"}],"inLanguage":"cy-GB"}]}},"_links":{"self":[{"href":"https:\/\/gellideg.net\/cy\/wp-json\/wp\/v2\/pages\/1052"}],"collection":[{"href":"https:\/\/gellideg.net\/cy\/wp-json\/wp\/v2\/pages"}],"about":[{"href":"https:\/\/gellideg.net\/cy\/wp-json\/wp\/v2\/types\/page"}],"author":[{"embeddable":true,"href":"https:\/\/gellideg.net\/cy\/wp-json\/wp\/v2\/users\/1"}],"replies":[{"embeddable":true,"href":"https:\/\/gellideg.net\/cy\/wp-json\/wp\/v2\/comments?post=1052"}],"version-history":[{"count":1,"href":"https:\/\/gellideg.net\/cy\/wp-json\/wp\/v2\/pages\/1052\/revisions"}],"predecessor-version":[{"id":1053,"href":"https:\/\/gellideg.net\/cy\/wp-json\/wp\/v2\/pages\/1052\/revisions\/1053"}],"up":[{"embeddable":true,"href":"https:\/\/gellideg.net\/cy\/wp-json\/wp\/v2\/pages\/1050"}],"wp:attachment":[{"href":"https:\/\/gellideg.net\/cy\/wp-json\/wp\/v2\/media?parent=1052"}],"curies":[{"name":"wp","href":"https:\/\/api.w.org\/{rel}","templated":true}]}}