{"id":1048,"date":"2023-10-12T10:11:23","date_gmt":"2023-10-12T09:11:23","guid":{"rendered":"https:\/\/gellideg.net\/yr-hyn-rydym-yn-ei-wneud\/ieuenctid\/anturiaethau\/"},"modified":"2024-03-04T11:50:15","modified_gmt":"2024-03-04T11:50:15","slug":"anturiaethau","status":"publish","type":"page","link":"https:\/\/gellideg.net\/cy\/yr-hyn-rydym-yn-ei-wneud\/ieuenctid\/anturiaethau\/","title":{"rendered":"Anturiaethau"},"content":{"rendered":"\n<\/div>\n\n<section  class=\"header-block\" style=\"\">\n    <div class=\"container mx-auto my-10\">\n        <div class=\"relative\">\n        <img loading=\"lazy\" decoding=\"async\" width=\"696\" height=\"540\" src=\"https:\/\/gellideg.net\/wp-content\/uploads\/2023\/10\/Call-of-the-wild-1.jpg\" class=\"mx-auto lg:h-[400px] h-[300px] w-full object-cover\" alt=\"\" srcset=\"https:\/\/gellideg.net\/wp-content\/uploads\/2023\/10\/Call-of-the-wild-1.jpg 696w, https:\/\/gellideg.net\/wp-content\/uploads\/2023\/10\/Call-of-the-wild-1-300x233.jpg 300w\" sizes=\"(max-width: 696px) 100vw, 696px\" \/>            <div class=\"bg-yellow text-right\">\n        <h1 class=\" p-4\">Anturiaethau<\/h1>\n            <\/div>\n<!--            <svg class=\"absolute inset-0 w-full object-cover \" width=\"1400\" height=\"263\" viewBox=\"0 0 1400 263\" fill=\"none\" xmlns=\"http:\/\/www.w3.org\/2000\/svg\">-->\n<!--                <path fill-rule=\"evenodd\" clip-rule=\"evenodd\" d=\"M1207.37 0.0481063C1109.43 1.00151 995.585 16.262 856.833 57.9062C675.834 123.05 617.275 144.701 479.624 203.007C407.996 233.347 209.153 268.148 0.0226826 245.481L0 245.478V245.479V263H1400V6.46915e-06H1217.36C1217.28 -2.1554e-06 1217.21 -2.15737e-06 1217.13 6.46915e-06H1207.67L1207.37 0.0481063Z\" fill=\"#F8C919\"\/>-->\n<!--            <\/svg>-->\n\n\n        <\/div>\n    <\/div>\n<\/section>\n\n<div class=\"container mx-auto\">\n\n\n\n<\/div><section  class=\"sidebar-page-block\" style=\"\">\n    <div class=\"container mx-auto\">\n        <div class=\"flex items-start justify-between flex-wrap\">\n            <div class=\"lg:basis-9\/12 lg:pr-8\">\n                <div class=\"acf-innerblocks-container\">\n\n<p>Rydym yn credu mewn cael hwyl ac anturiaethau i ddysgu mwy amdanom ni ein hunain, pobl eraill a&#8217;n lle yn y byd. Rydym yn ddiolchgar iawn i&#8217;n partneriaid gwych, fel Canolfan Mileniwm Cymru, sy&#8217;n rhoi tocynnau i ni ar gyfer perfformiadau a Her Cymru, sy&#8217;n sybsideiddio ein teithiau hwylio. Mae pobl ifanc hefyd yn cynllunio a chodi arian ar gyfer eu teithiau eu hunain &#8211; rydym wedi bod i&#8217;r Ganolfan Technoleg Amgen ym Machynlleth, wedi aros gyda Call of the Wild, wedi mynd i Lundain ac Ynys Lundy. Rydyn ni&#8217;n mynd ar deithiau dydd yn trampolinio neu&#8217;n cerdded yn y coed, bob amser yn gwneud rhywbeth gwahanol ac yn ymestyn ein gorwelion   <\/p>\n\n\n\n<figure class=\"wp-block-pullquote\"><blockquote><p>&#8220;Hwylio oedd profiad gorau fy mywyd, doeddwn i byth yn meddwl y byddwn i&#8217;n gwneud rhywbeth fel hyn, byddwn i wrth fy modd yn ei wneud eto&#8221;.<\/p><\/blockquote><\/figure>\n\n\n\n<figure class=\"wp-block-pullquote\"><blockquote><p>&#8220;Roeddwn i&#8217;n mwynhau aros yma yn fawr a byddwn wrth fy modd yn dod yn \u00f4l i&#8217;r ynys pan fydd y palod yno. Roedd popeth yn anhygoel, y teithiau cerdded, hela blwch llythyrau ac yn fwyaf arbennig y bywyd gwyllt. Mae&#8217;r daith hon wedi bod o fudd i mi fy mod i eisiau dod yn \u00f4l. Diolch am adael i mi ddod ar y daith&#8221;.<\/p><\/blockquote><\/figure>\n\n\n\n<figure class=\"wp-block-pullquote\"><blockquote><p>&#8220;Rwyf wedi gweld cymaint o olygfeydd hardd fel y m\u00f4r, awyr, s\u00ear a cherdded o amgylch yr ynys. Diolch am ddod \u00e2 fi draw dwi wedi cael amser gwych a byddaf yn bendant yn meddwl am ddod n\u00f4l&#8221;.<\/p><\/blockquote><\/figure>\n\n\n\n<figure class=\"wp-block-gallery has-nested-images columns-default is-cropped wp-block-gallery-1 is-layout-flex wp-block-gallery-is-layout-flex\">\n<figure class=\"wp-block-image size-large\"><img loading=\"lazy\" decoding=\"async\" width=\"320\" height=\"240\" src=\"https:\/\/gellideg.net\/wp-content\/uploads\/2023\/10\/wheel.jpg\" alt=\"\" class=\"wp-image-190\" srcset=\"https:\/\/gellideg.net\/wp-content\/uploads\/2023\/10\/wheel.jpg 320w, https:\/\/gellideg.net\/wp-content\/uploads\/2023\/10\/wheel-300x225.jpg 300w\" sizes=\"(max-width: 320px) 100vw, 320px\" \/><\/figure>\n\n\n\n<figure class=\"wp-block-image size-large\"><img loading=\"lazy\" decoding=\"async\" width=\"1024\" height=\"1024\" src=\"https:\/\/gellideg.net\/wp-content\/uploads\/2023\/10\/Water-1024x1024.jpg\" alt=\"\" class=\"wp-image-189\" srcset=\"https:\/\/gellideg.net\/wp-content\/uploads\/2023\/10\/Water-1024x1024.jpg 1024w, https:\/\/gellideg.net\/wp-content\/uploads\/2023\/10\/Water-300x300.jpg 300w, https:\/\/gellideg.net\/wp-content\/uploads\/2023\/10\/Water-150x150.jpg 150w, https:\/\/gellideg.net\/wp-content\/uploads\/2023\/10\/Water-768x768.jpg 768w, https:\/\/gellideg.net\/wp-content\/uploads\/2023\/10\/Water-1536x1536.jpg 1536w, https:\/\/gellideg.net\/wp-content\/uploads\/2023\/10\/Water.jpg 2048w\" sizes=\"(max-width: 1024px) 100vw, 1024px\" \/><\/figure>\n\n\n\n<figure class=\"wp-block-image size-large\"><img loading=\"lazy\" decoding=\"async\" width=\"640\" height=\"640\" src=\"https:\/\/gellideg.net\/wp-content\/uploads\/2023\/10\/walking.jpg\" alt=\"\" class=\"wp-image-188\" srcset=\"https:\/\/gellideg.net\/wp-content\/uploads\/2023\/10\/walking.jpg 640w, https:\/\/gellideg.net\/wp-content\/uploads\/2023\/10\/walking-300x300.jpg 300w, https:\/\/gellideg.net\/wp-content\/uploads\/2023\/10\/walking-150x150.jpg 150w\" sizes=\"(max-width: 640px) 100vw, 640px\" \/><\/figure>\n\n\n\n<figure class=\"wp-block-image size-large\"><img loading=\"lazy\" decoding=\"async\" width=\"1024\" height=\"1024\" src=\"https:\/\/gellideg.net\/wp-content\/uploads\/2023\/10\/theatre-trip-1024x1024.jpg\" alt=\"\" class=\"wp-image-187\" srcset=\"https:\/\/gellideg.net\/wp-content\/uploads\/2023\/10\/theatre-trip-1024x1024.jpg 1024w, https:\/\/gellideg.net\/wp-content\/uploads\/2023\/10\/theatre-trip-300x300.jpg 300w, https:\/\/gellideg.net\/wp-content\/uploads\/2023\/10\/theatre-trip-150x150.jpg 150w, https:\/\/gellideg.net\/wp-content\/uploads\/2023\/10\/theatre-trip-768x768.jpg 768w, https:\/\/gellideg.net\/wp-content\/uploads\/2023\/10\/theatre-trip-1536x1536.jpg 1536w, https:\/\/gellideg.net\/wp-content\/uploads\/2023\/10\/theatre-trip.jpg 2048w\" sizes=\"(max-width: 1024px) 100vw, 1024px\" \/><\/figure>\n\n\n\n<figure class=\"wp-block-image size-large\"><img loading=\"lazy\" decoding=\"async\" width=\"1024\" height=\"1024\" src=\"https:\/\/gellideg.net\/wp-content\/uploads\/2023\/10\/The-sea-1024x1024.jpg\" alt=\"\" class=\"wp-image-186\" srcset=\"https:\/\/gellideg.net\/wp-content\/uploads\/2023\/10\/The-sea-1024x1024.jpg 1024w, https:\/\/gellideg.net\/wp-content\/uploads\/2023\/10\/The-sea-300x300.jpg 300w, https:\/\/gellideg.net\/wp-content\/uploads\/2023\/10\/The-sea-150x150.jpg 150w, https:\/\/gellideg.net\/wp-content\/uploads\/2023\/10\/The-sea-768x768.jpg 768w, https:\/\/gellideg.net\/wp-content\/uploads\/2023\/10\/The-sea-1536x1536.jpg 1536w, https:\/\/gellideg.net\/wp-content\/uploads\/2023\/10\/The-sea.jpg 2048w\" sizes=\"(max-width: 1024px) 100vw, 1024px\" \/><\/figure>\n\n\n\n<figure class=\"wp-block-image size-large\"><img loading=\"lazy\" decoding=\"async\" width=\"1024\" height=\"1024\" src=\"https:\/\/gellideg.net\/wp-content\/uploads\/2023\/10\/surf-1024x1024.jpg\" alt=\"\" class=\"wp-image-185\" srcset=\"https:\/\/gellideg.net\/wp-content\/uploads\/2023\/10\/surf-1024x1024.jpg 1024w, https:\/\/gellideg.net\/wp-content\/uploads\/2023\/10\/surf-300x300.jpg 300w, https:\/\/gellideg.net\/wp-content\/uploads\/2023\/10\/surf-150x150.jpg 150w, https:\/\/gellideg.net\/wp-content\/uploads\/2023\/10\/surf-768x768.jpg 768w, https:\/\/gellideg.net\/wp-content\/uploads\/2023\/10\/surf-1536x1536.jpg 1536w, https:\/\/gellideg.net\/wp-content\/uploads\/2023\/10\/surf.jpg 2048w\" sizes=\"(max-width: 1024px) 100vw, 1024px\" \/><\/figure>\n\n\n\n<figure class=\"wp-block-image size-large\"><img loading=\"lazy\" decoding=\"async\" width=\"1024\" height=\"461\" src=\"https:\/\/gellideg.net\/wp-content\/uploads\/2023\/10\/boat-1024x461.jpg\" alt=\"\" class=\"wp-image-183\" srcset=\"https:\/\/gellideg.net\/wp-content\/uploads\/2023\/10\/boat-1024x461.jpg 1024w, https:\/\/gellideg.net\/wp-content\/uploads\/2023\/10\/boat-300x135.jpg 300w, https:\/\/gellideg.net\/wp-content\/uploads\/2023\/10\/boat-768x346.jpg 768w, https:\/\/gellideg.net\/wp-content\/uploads\/2023\/10\/boat-1536x691.jpg 1536w, https:\/\/gellideg.net\/wp-content\/uploads\/2023\/10\/boat.jpg 2040w\" sizes=\"(max-width: 1024px) 100vw, 1024px\" \/><\/figure>\n\n\n\n<figure class=\"wp-block-image size-large\"><img loading=\"lazy\" decoding=\"async\" width=\"1024\" height=\"1024\" src=\"https:\/\/gellideg.net\/wp-content\/uploads\/2023\/10\/beach-day-1024x1024.jpg\" alt=\"\" class=\"wp-image-182\" srcset=\"https:\/\/gellideg.net\/wp-content\/uploads\/2023\/10\/beach-day-1024x1024.jpg 1024w, https:\/\/gellideg.net\/wp-content\/uploads\/2023\/10\/beach-day-300x300.jpg 300w, https:\/\/gellideg.net\/wp-content\/uploads\/2023\/10\/beach-day-150x150.jpg 150w, https:\/\/gellideg.net\/wp-content\/uploads\/2023\/10\/beach-day-768x768.jpg 768w, https:\/\/gellideg.net\/wp-content\/uploads\/2023\/10\/beach-day-1536x1536.jpg 1536w, https:\/\/gellideg.net\/wp-content\/uploads\/2023\/10\/beach-day.jpg 2048w\" sizes=\"(max-width: 1024px) 100vw, 1024px\" \/><\/figure>\n\n\n\n<figure class=\"wp-block-image size-large\"><img loading=\"lazy\" decoding=\"async\" width=\"1024\" height=\"734\" src=\"https:\/\/gellideg.net\/wp-content\/uploads\/2023\/10\/1lundy-1024x734.jpg\" alt=\"\" class=\"wp-image-181\" srcset=\"https:\/\/gellideg.net\/wp-content\/uploads\/2023\/10\/1lundy-1024x734.jpg 1024w, https:\/\/gellideg.net\/wp-content\/uploads\/2023\/10\/1lundy-300x215.jpg 300w, https:\/\/gellideg.net\/wp-content\/uploads\/2023\/10\/1lundy-768x551.jpg 768w, https:\/\/gellideg.net\/wp-content\/uploads\/2023\/10\/1lundy-1536x1101.jpg 1536w, https:\/\/gellideg.net\/wp-content\/uploads\/2023\/10\/1lundy-2048x1468.jpg 2048w\" sizes=\"(max-width: 1024px) 100vw, 1024px\" \/><\/figure>\n\n\n\n<figure class=\"wp-block-image size-large\"><img loading=\"lazy\" decoding=\"async\" width=\"1024\" height=\"1024\" src=\"https:\/\/gellideg.net\/wp-content\/uploads\/2023\/10\/Call-of-the-wild-2-1024x1024.jpg\" alt=\"\" class=\"wp-image-249\" srcset=\"https:\/\/gellideg.net\/wp-content\/uploads\/2023\/10\/Call-of-the-wild-2-1024x1024.jpg 1024w, https:\/\/gellideg.net\/wp-content\/uploads\/2023\/10\/Call-of-the-wild-2-300x300.jpg 300w, https:\/\/gellideg.net\/wp-content\/uploads\/2023\/10\/Call-of-the-wild-2-150x150.jpg 150w, https:\/\/gellideg.net\/wp-content\/uploads\/2023\/10\/Call-of-the-wild-2-768x768.jpg 768w, https:\/\/gellideg.net\/wp-content\/uploads\/2023\/10\/Call-of-the-wild-2-1536x1536.jpg 1536w, https:\/\/gellideg.net\/wp-content\/uploads\/2023\/10\/Call-of-the-wild-2.jpg 2048w\" sizes=\"(max-width: 1024px) 100vw, 1024px\" \/><\/figure>\n\n\n\n<figure class=\"wp-block-image size-large\"><img loading=\"lazy\" decoding=\"async\" width=\"768\" height=\"1024\" src=\"https:\/\/gellideg.net\/wp-content\/uploads\/2023\/10\/Call-of-the-wild-3-768x1024.jpg\" alt=\"\" class=\"wp-image-247\" srcset=\"https:\/\/gellideg.net\/wp-content\/uploads\/2023\/10\/Call-of-the-wild-3-768x1024.jpg 768w, https:\/\/gellideg.net\/wp-content\/uploads\/2023\/10\/Call-of-the-wild-3-225x300.jpg 225w, https:\/\/gellideg.net\/wp-content\/uploads\/2023\/10\/Call-of-the-wild-3-1152x1536.jpg 1152w, https:\/\/gellideg.net\/wp-content\/uploads\/2023\/10\/Call-of-the-wild-3.jpg 1536w\" sizes=\"(max-width: 768px) 100vw, 768px\" \/><\/figure>\n\n\n\n<figure class=\"wp-block-image size-large\"><img loading=\"lazy\" decoding=\"async\" width=\"1024\" height=\"1024\" src=\"https:\/\/gellideg.net\/wp-content\/uploads\/2023\/10\/Lion-king-2-1024x1024.jpg\" alt=\"\" class=\"wp-image-253\" srcset=\"https:\/\/gellideg.net\/wp-content\/uploads\/2023\/10\/Lion-king-2-1024x1024.jpg 1024w, https:\/\/gellideg.net\/wp-content\/uploads\/2023\/10\/Lion-king-2-300x300.jpg 300w, https:\/\/gellideg.net\/wp-content\/uploads\/2023\/10\/Lion-king-2-150x150.jpg 150w, https:\/\/gellideg.net\/wp-content\/uploads\/2023\/10\/Lion-king-2-768x768.jpg 768w, https:\/\/gellideg.net\/wp-content\/uploads\/2023\/10\/Lion-king-2-1536x1536.jpg 1536w, https:\/\/gellideg.net\/wp-content\/uploads\/2023\/10\/Lion-king-2.jpg 2048w\" sizes=\"(max-width: 1024px) 100vw, 1024px\" \/><\/figure>\n\n\n\n<figure class=\"wp-block-image size-large\"><img loading=\"lazy\" decoding=\"async\" width=\"1024\" height=\"463\" src=\"https:\/\/gellideg.net\/wp-content\/uploads\/2023\/10\/Lion-King-1-1024x463.jpg\" alt=\"\" class=\"wp-image-251\" srcset=\"https:\/\/gellideg.net\/wp-content\/uploads\/2023\/10\/Lion-King-1-1024x463.jpg 1024w, https:\/\/gellideg.net\/wp-content\/uploads\/2023\/10\/Lion-King-1-300x136.jpg 300w, https:\/\/gellideg.net\/wp-content\/uploads\/2023\/10\/Lion-King-1-768x347.jpg 768w, https:\/\/gellideg.net\/wp-content\/uploads\/2023\/10\/Lion-King-1.jpg 1416w\" sizes=\"(max-width: 1024px) 100vw, 1024px\" \/><\/figure>\n\n\n\n<figure class=\"wp-block-image size-large\"><img loading=\"lazy\" decoding=\"async\" width=\"960\" height=\"960\" src=\"https:\/\/gellideg.net\/wp-content\/uploads\/2023\/10\/London-2.jpg\" alt=\"\" class=\"wp-image-252\" srcset=\"https:\/\/gellideg.net\/wp-content\/uploads\/2023\/10\/London-2.jpg 960w, https:\/\/gellideg.net\/wp-content\/uploads\/2023\/10\/London-2-300x300.jpg 300w, https:\/\/gellideg.net\/wp-content\/uploads\/2023\/10\/London-2-150x150.jpg 150w, https:\/\/gellideg.net\/wp-content\/uploads\/2023\/10\/London-2-768x768.jpg 768w\" sizes=\"(max-width: 960px) 100vw, 960px\" \/><\/figure>\n\n\n\n<figure class=\"wp-block-image size-large\"><img loading=\"lazy\" decoding=\"async\" width=\"960\" height=\"960\" src=\"https:\/\/gellideg.net\/wp-content\/uploads\/2023\/10\/London-1.jpg\" alt=\"\" class=\"wp-image-254\" srcset=\"https:\/\/gellideg.net\/wp-content\/uploads\/2023\/10\/London-1.jpg 960w, https:\/\/gellideg.net\/wp-content\/uploads\/2023\/10\/London-1-300x300.jpg 300w, https:\/\/gellideg.net\/wp-content\/uploads\/2023\/10\/London-1-150x150.jpg 150w, https:\/\/gellideg.net\/wp-content\/uploads\/2023\/10\/London-1-768x768.jpg 768w\" sizes=\"(max-width: 960px) 100vw, 960px\" \/><\/figure>\n\n\n\n<figure class=\"wp-block-image size-large\"><img loading=\"lazy\" decoding=\"async\" width=\"676\" height=\"540\" src=\"https:\/\/gellideg.net\/wp-content\/uploads\/2023\/10\/Oakwood-3.jpg\" alt=\"\" class=\"wp-image-255\" srcset=\"https:\/\/gellideg.net\/wp-content\/uploads\/2023\/10\/Oakwood-3.jpg 676w, https:\/\/gellideg.net\/wp-content\/uploads\/2023\/10\/Oakwood-3-300x240.jpg 300w\" sizes=\"(max-width: 676px) 100vw, 676px\" \/><\/figure>\n\n\n\n<figure class=\"wp-block-image size-large\"><img loading=\"lazy\" decoding=\"async\" width=\"693\" height=\"565\" src=\"https:\/\/gellideg.net\/wp-content\/uploads\/2023\/10\/Oakwood-2.jpg\" alt=\"\" class=\"wp-image-257\" srcset=\"https:\/\/gellideg.net\/wp-content\/uploads\/2023\/10\/Oakwood-2.jpg 693w, https:\/\/gellideg.net\/wp-content\/uploads\/2023\/10\/Oakwood-2-300x245.jpg 300w\" sizes=\"(max-width: 693px) 100vw, 693px\" \/><\/figure>\n\n\n\n<figure class=\"wp-block-image size-large\"><img loading=\"lazy\" decoding=\"async\" width=\"960\" height=\"960\" src=\"https:\/\/gellideg.net\/wp-content\/uploads\/2023\/10\/Oakwood-1.jpg\" alt=\"\" class=\"wp-image-256\" srcset=\"https:\/\/gellideg.net\/wp-content\/uploads\/2023\/10\/Oakwood-1.jpg 960w, https:\/\/gellideg.net\/wp-content\/uploads\/2023\/10\/Oakwood-1-300x300.jpg 300w, https:\/\/gellideg.net\/wp-content\/uploads\/2023\/10\/Oakwood-1-150x150.jpg 150w, https:\/\/gellideg.net\/wp-content\/uploads\/2023\/10\/Oakwood-1-768x768.jpg 768w\" sizes=\"(max-width: 960px) 100vw, 960px\" \/><\/figure>\n<\/figure>\n\n<\/div>\n            <\/div>\n            <div class=\"lg:basis-3\/12\">\n                            <\/div>\n        <\/div>\n<\/section>\n\n\n<div class=\"container mx-auto\">","protected":false},"excerpt":{"rendered":"","protected":false},"author":1,"featured_media":0,"parent":1046,"menu_order":0,"comment_status":"closed","ping_status":"closed","template":"","meta":{"footnotes":""},"acf":[],"yoast_head":"<!-- This site is optimized with the Yoast SEO plugin v20.12 - https:\/\/yoast.com\/wordpress\/plugins\/seo\/ -->\n<title>Anturiaethau - Gellideg<\/title>\n<meta name=\"robots\" content=\"index, follow, max-snippet:-1, max-image-preview:large, max-video-preview:-1\" \/>\n<link rel=\"canonical\" href=\"https:\/\/gellideg.net\/cy\/yr-hyn-rydym-yn-ei-wneud\/ieuenctid\/anturiaethau\/\" \/>\n<meta property=\"og:locale\" content=\"cy_GB\" \/>\n<meta property=\"og:type\" content=\"article\" \/>\n<meta property=\"og:title\" content=\"Anturiaethau - Gellideg\" \/>\n<meta property=\"og:url\" content=\"https:\/\/gellideg.net\/cy\/yr-hyn-rydym-yn-ei-wneud\/ieuenctid\/anturiaethau\/\" \/>\n<meta property=\"og:site_name\" content=\"Gellideg\" \/>\n<meta property=\"article:modified_time\" content=\"2024-03-04T11:50:15+00:00\" \/>\n<meta property=\"og:image\" content=\"https:\/\/gellideg.net\/wp-content\/uploads\/2023\/10\/wheel.jpg\" \/>\n<meta name=\"twitter:card\" content=\"summary_large_image\" \/>\n<meta name=\"twitter:label1\" content=\"Est. reading time\" \/>\n\t<meta name=\"twitter:data1\" content=\"1 minute\" \/>\n<script type=\"application\/ld+json\" class=\"yoast-schema-graph\">{\"@context\":\"https:\/\/schema.org\",\"@graph\":[{\"@type\":\"WebPage\",\"@id\":\"https:\/\/gellideg.net\/cy\/yr-hyn-rydym-yn-ei-wneud\/ieuenctid\/anturiaethau\/\",\"url\":\"https:\/\/gellideg.net\/cy\/yr-hyn-rydym-yn-ei-wneud\/ieuenctid\/anturiaethau\/\",\"name\":\"Anturiaethau - Gellideg\",\"isPartOf\":{\"@id\":\"https:\/\/gellideg.net\/cy\/#website\"},\"datePublished\":\"2023-10-12T09:11:23+00:00\",\"dateModified\":\"2024-03-04T11:50:15+00:00\",\"breadcrumb\":{\"@id\":\"https:\/\/gellideg.net\/cy\/yr-hyn-rydym-yn-ei-wneud\/ieuenctid\/anturiaethau\/#breadcrumb\"},\"inLanguage\":\"cy-GB\",\"potentialAction\":[{\"@type\":\"ReadAction\",\"target\":[\"https:\/\/gellideg.net\/cy\/yr-hyn-rydym-yn-ei-wneud\/ieuenctid\/anturiaethau\/\"]}]},{\"@type\":\"BreadcrumbList\",\"@id\":\"https:\/\/gellideg.net\/cy\/yr-hyn-rydym-yn-ei-wneud\/ieuenctid\/anturiaethau\/#breadcrumb\",\"itemListElement\":[{\"@type\":\"ListItem\",\"position\":1,\"name\":\"Home\",\"item\":\"https:\/\/gellideg.net\/cy\/cartref\/\"},{\"@type\":\"ListItem\",\"position\":2,\"name\":\"YR HYN RYDYM YN EI WNEUD\",\"item\":\"https:\/\/gellideg.net\/cy\/yr-hyn-rydym-yn-ei-wneud\/\"},{\"@type\":\"ListItem\",\"position\":3,\"name\":\"IEUENCTID\",\"item\":\"https:\/\/gellideg.net\/cy\/yr-hyn-rydym-yn-ei-wneud\/ieuenctid\/\"},{\"@type\":\"ListItem\",\"position\":4,\"name\":\"Anturiaethau\"}]},{\"@type\":\"WebSite\",\"@id\":\"https:\/\/gellideg.net\/cy\/#website\",\"url\":\"https:\/\/gellideg.net\/cy\/\",\"name\":\"Gellideg\",\"description\":\"\",\"potentialAction\":[{\"@type\":\"SearchAction\",\"target\":{\"@type\":\"EntryPoint\",\"urlTemplate\":\"https:\/\/gellideg.net\/cy\/?s={search_term_string}\"},\"query-input\":\"required name=search_term_string\"}],\"inLanguage\":\"cy-GB\"}]}<\/script>\n<!-- \/ Yoast SEO plugin. -->","yoast_head_json":{"title":"Anturiaethau - Gellideg","robots":{"index":"index","follow":"follow","max-snippet":"max-snippet:-1","max-image-preview":"max-image-preview:large","max-video-preview":"max-video-preview:-1"},"canonical":"https:\/\/gellideg.net\/cy\/yr-hyn-rydym-yn-ei-wneud\/ieuenctid\/anturiaethau\/","og_locale":"cy_GB","og_type":"article","og_title":"Anturiaethau - Gellideg","og_url":"https:\/\/gellideg.net\/cy\/yr-hyn-rydym-yn-ei-wneud\/ieuenctid\/anturiaethau\/","og_site_name":"Gellideg","article_modified_time":"2024-03-04T11:50:15+00:00","og_image":[{"url":"https:\/\/gellideg.net\/wp-content\/uploads\/2023\/10\/wheel.jpg"}],"twitter_card":"summary_large_image","twitter_misc":{"Est. reading time":"1 minute"},"schema":{"@context":"https:\/\/schema.org","@graph":[{"@type":"WebPage","@id":"https:\/\/gellideg.net\/cy\/yr-hyn-rydym-yn-ei-wneud\/ieuenctid\/anturiaethau\/","url":"https:\/\/gellideg.net\/cy\/yr-hyn-rydym-yn-ei-wneud\/ieuenctid\/anturiaethau\/","name":"Anturiaethau - Gellideg","isPartOf":{"@id":"https:\/\/gellideg.net\/cy\/#website"},"datePublished":"2023-10-12T09:11:23+00:00","dateModified":"2024-03-04T11:50:15+00:00","breadcrumb":{"@id":"https:\/\/gellideg.net\/cy\/yr-hyn-rydym-yn-ei-wneud\/ieuenctid\/anturiaethau\/#breadcrumb"},"inLanguage":"cy-GB","potentialAction":[{"@type":"ReadAction","target":["https:\/\/gellideg.net\/cy\/yr-hyn-rydym-yn-ei-wneud\/ieuenctid\/anturiaethau\/"]}]},{"@type":"BreadcrumbList","@id":"https:\/\/gellideg.net\/cy\/yr-hyn-rydym-yn-ei-wneud\/ieuenctid\/anturiaethau\/#breadcrumb","itemListElement":[{"@type":"ListItem","position":1,"name":"Home","item":"https:\/\/gellideg.net\/cy\/cartref\/"},{"@type":"ListItem","position":2,"name":"YR HYN RYDYM YN EI WNEUD","item":"https:\/\/gellideg.net\/cy\/yr-hyn-rydym-yn-ei-wneud\/"},{"@type":"ListItem","position":3,"name":"IEUENCTID","item":"https:\/\/gellideg.net\/cy\/yr-hyn-rydym-yn-ei-wneud\/ieuenctid\/"},{"@type":"ListItem","position":4,"name":"Anturiaethau"}]},{"@type":"WebSite","@id":"https:\/\/gellideg.net\/cy\/#website","url":"https:\/\/gellideg.net\/cy\/","name":"Gellideg","description":"","potentialAction":[{"@type":"SearchAction","target":{"@type":"EntryPoint","urlTemplate":"https:\/\/gellideg.net\/cy\/?s={search_term_string}"},"query-input":"required name=search_term_string"}],"inLanguage":"cy-GB"}]}},"_links":{"self":[{"href":"https:\/\/gellideg.net\/cy\/wp-json\/wp\/v2\/pages\/1048"}],"collection":[{"href":"https:\/\/gellideg.net\/cy\/wp-json\/wp\/v2\/pages"}],"about":[{"href":"https:\/\/gellideg.net\/cy\/wp-json\/wp\/v2\/types\/page"}],"author":[{"embeddable":true,"href":"https:\/\/gellideg.net\/cy\/wp-json\/wp\/v2\/users\/1"}],"replies":[{"embeddable":true,"href":"https:\/\/gellideg.net\/cy\/wp-json\/wp\/v2\/comments?post=1048"}],"version-history":[{"count":1,"href":"https:\/\/gellideg.net\/cy\/wp-json\/wp\/v2\/pages\/1048\/revisions"}],"predecessor-version":[{"id":1049,"href":"https:\/\/gellideg.net\/cy\/wp-json\/wp\/v2\/pages\/1048\/revisions\/1049"}],"up":[{"embeddable":true,"href":"https:\/\/gellideg.net\/cy\/wp-json\/wp\/v2\/pages\/1046"}],"wp:attachment":[{"href":"https:\/\/gellideg.net\/cy\/wp-json\/wp\/v2\/media?parent=1048"}],"curies":[{"name":"wp","href":"https:\/\/api.w.org\/{rel}","templated":true}]}}