{"id":1024,"date":"2023-08-02T14:16:19","date_gmt":"2023-08-02T13:16:19","guid":{"rendered":"https:\/\/gellideg.net\/yr-hyn-rydym-yn-ei-wneud\/rhaglen-gymunedol\/"},"modified":"2024-03-04T11:21:40","modified_gmt":"2024-03-04T11:21:40","slug":"rhaglen-gymunedol","status":"publish","type":"page","link":"https:\/\/gellideg.net\/cy\/yr-hyn-rydym-yn-ei-wneud\/rhaglen-gymunedol\/","title":{"rendered":"Rhaglen Gymunedol"},"content":{"rendered":"\n<\/div>\n\n<section  class=\"header-block\" style=\"\">\n    <div class=\"container mx-auto my-10\">\n        <div class=\"relative\">\n        <img loading=\"lazy\" decoding=\"async\" width=\"2048\" height=\"1536\" src=\"https:\/\/gellideg.net\/wp-content\/uploads\/2023\/10\/community-trip-1.jpg\" class=\"mx-auto lg:h-[400px] h-[300px] w-full object-cover\" alt=\"\" srcset=\"https:\/\/gellideg.net\/wp-content\/uploads\/2023\/10\/community-trip-1.jpg 2048w, https:\/\/gellideg.net\/wp-content\/uploads\/2023\/10\/community-trip-1-300x225.jpg 300w, https:\/\/gellideg.net\/wp-content\/uploads\/2023\/10\/community-trip-1-1024x768.jpg 1024w, https:\/\/gellideg.net\/wp-content\/uploads\/2023\/10\/community-trip-1-768x576.jpg 768w, https:\/\/gellideg.net\/wp-content\/uploads\/2023\/10\/community-trip-1-1536x1152.jpg 1536w\" sizes=\"(max-width: 2048px) 100vw, 2048px\" \/>            <div class=\"bg-yellow text-right\">\n        <h1 class=\" p-4\">Rhaglen Gymunedol<\/h1>\n            <\/div>\n<!--            <svg class=\"absolute inset-0 w-full object-cover \" width=\"1400\" height=\"263\" viewBox=\"0 0 1400 263\" fill=\"none\" xmlns=\"http:\/\/www.w3.org\/2000\/svg\">-->\n<!--                <path fill-rule=\"evenodd\" clip-rule=\"evenodd\" d=\"M1207.37 0.0481063C1109.43 1.00151 995.585 16.262 856.833 57.9062C675.834 123.05 617.275 144.701 479.624 203.007C407.996 233.347 209.153 268.148 0.0226826 245.481L0 245.478V245.479V263H1400V6.46915e-06H1217.36C1217.28 -2.1554e-06 1217.21 -2.15737e-06 1217.13 6.46915e-06H1207.67L1207.37 0.0481063Z\" fill=\"#F8C919\"\/>-->\n<!--            <\/svg>-->\n\n\n        <\/div>\n    <\/div>\n<\/section>\n\n<div class=\"container mx-auto\">\n\n\n\n<\/div><section  class=\"sidebar-page-block\" style=\"\">\n    <div class=\"container mx-auto\">\n        <div class=\"flex items-start justify-between flex-wrap\">\n            <div class=\"lg:basis-9\/12 lg:pr-8\">\n                <div class=\"acf-innerblocks-container\">\n\n<p>Rydyn ni&#8217;n gryfach gyda&#8217;n gilydd. Rydym yn gynhwysol.  <\/p>\n\n\n\n<p>Yn ystod yr wythnos mae&#8217;r Ganolfan ar agor ar gyfer gofod cynnes gyda gweithgareddau, fel crefftau, gemau a bingo a cherddoriaeth. Rydym yn cynnal sesiwn bingo gymunedol wythnosol boblogaidd iawn yn ogystal \u00e2 boreau coffi. Yn ystod gwyliau&#8217;r ysgol, rydym yn trefnu teithiau cymunedol \u00e2 chymhorthdal uchel i breswylwyr ar incwm isel na allant fforddio gadael yr yst\u00e2d.   <\/p>\n\n\n\n<p>Rydym yn dathlu digwyddiadau tymhorol sy&#8217;n cael eu trefnu a&#8217;u cefnogi gan y gymuned \u2013 diwrnod crempog, gorymdaith bonet y Pasg, Jiwbil\u00ee, ffeiriau, disgos Calan Gaeaf a phart\u00efon a dathliadau ar gyfer y Nadolig. <\/p>\n\n\n\n<figure class=\"wp-block-pullquote\"><blockquote><p><strong>Diolch yn fawr iawn am y daith hon. Roedd y sioe yn ysbrydoli. Rydw i wedi cael cryn dipyn o ddyddiau gwael yn fy r\u00f4l ofalu a chollais fy hun yn y sioe gerdd am ychydig oriau a dod adref yn teimlo cymaint yn well  <\/strong><\/p><\/blockquote><\/figure>\n\n\n\n<figure class=\"wp-block-gallery has-nested-images columns-default is-cropped wp-block-gallery-1 is-layout-flex wp-block-gallery-is-layout-flex\">\n<figure class=\"wp-block-image size-large\"><img loading=\"lazy\" decoding=\"async\" width=\"768\" height=\"1024\" src=\"https:\/\/gellideg.net\/wp-content\/uploads\/2023\/10\/craft-table-2-1-768x1024.jpg\" alt=\"\" class=\"wp-image-437\" srcset=\"https:\/\/gellideg.net\/wp-content\/uploads\/2023\/10\/craft-table-2-1-768x1024.jpg 768w, https:\/\/gellideg.net\/wp-content\/uploads\/2023\/10\/craft-table-2-1-225x300.jpg 225w, https:\/\/gellideg.net\/wp-content\/uploads\/2023\/10\/craft-table-2-1.jpg 1000w\" sizes=\"(max-width: 768px) 100vw, 768px\" \/><\/figure>\n\n\n\n<figure class=\"wp-block-image size-large\"><img loading=\"lazy\" decoding=\"async\" width=\"1000\" height=\"667\" src=\"https:\/\/gellideg.net\/wp-content\/uploads\/2023\/10\/FSDec-111-1.jpg\" alt=\"\" class=\"wp-image-440\" srcset=\"https:\/\/gellideg.net\/wp-content\/uploads\/2023\/10\/FSDec-111-1.jpg 1000w, https:\/\/gellideg.net\/wp-content\/uploads\/2023\/10\/FSDec-111-1-300x200.jpg 300w, https:\/\/gellideg.net\/wp-content\/uploads\/2023\/10\/FSDec-111-1-768x512.jpg 768w\" sizes=\"(max-width: 1000px) 100vw, 1000px\" \/><\/figure>\n\n\n\n<figure class=\"wp-block-image size-large\"><img loading=\"lazy\" decoding=\"async\" width=\"1000\" height=\"750\" src=\"https:\/\/gellideg.net\/wp-content\/uploads\/2023\/10\/FSDec-52-1.jpg\" alt=\"\" class=\"wp-image-441\" srcset=\"https:\/\/gellideg.net\/wp-content\/uploads\/2023\/10\/FSDec-52-1.jpg 1000w, https:\/\/gellideg.net\/wp-content\/uploads\/2023\/10\/FSDec-52-1-300x225.jpg 300w, https:\/\/gellideg.net\/wp-content\/uploads\/2023\/10\/FSDec-52-1-768x576.jpg 768w\" sizes=\"(max-width: 1000px) 100vw, 1000px\" \/><\/figure>\n\n\n\n<figure class=\"wp-block-image size-large\"><img loading=\"lazy\" decoding=\"async\" width=\"1024\" height=\"768\" src=\"https:\/\/gellideg.net\/wp-content\/uploads\/2023\/10\/les-mis-1-1024x768.jpg\" alt=\"\" class=\"wp-image-434\" srcset=\"https:\/\/gellideg.net\/wp-content\/uploads\/2023\/10\/les-mis-1-1024x768.jpg 1024w, https:\/\/gellideg.net\/wp-content\/uploads\/2023\/10\/les-mis-1-300x225.jpg 300w, https:\/\/gellideg.net\/wp-content\/uploads\/2023\/10\/les-mis-1-768x576.jpg 768w, https:\/\/gellideg.net\/wp-content\/uploads\/2023\/10\/les-mis-1-1536x1152.jpg 1536w, https:\/\/gellideg.net\/wp-content\/uploads\/2023\/10\/les-mis-1.jpg 2040w\" sizes=\"(max-width: 1024px) 100vw, 1024px\" \/><\/figure>\n\n\n\n<figure class=\"wp-block-image size-large\"><img loading=\"lazy\" decoding=\"async\" width=\"1024\" height=\"768\" src=\"https:\/\/gellideg.net\/wp-content\/uploads\/2023\/10\/community-meal-1-1024x768.jpg\" alt=\"\" class=\"wp-image-439\" srcset=\"https:\/\/gellideg.net\/wp-content\/uploads\/2023\/10\/community-meal-1-1024x768.jpg 1024w, https:\/\/gellideg.net\/wp-content\/uploads\/2023\/10\/community-meal-1-300x225.jpg 300w, https:\/\/gellideg.net\/wp-content\/uploads\/2023\/10\/community-meal-1-768x576.jpg 768w, https:\/\/gellideg.net\/wp-content\/uploads\/2023\/10\/community-meal-1-1536x1152.jpg 1536w, https:\/\/gellideg.net\/wp-content\/uploads\/2023\/10\/community-meal-1.jpg 2048w\" sizes=\"(max-width: 1024px) 100vw, 1024px\" \/><\/figure>\n\n\n\n<figure class=\"wp-block-image size-large\"><img loading=\"lazy\" decoding=\"async\" width=\"1024\" height=\"768\" src=\"https:\/\/gellideg.net\/wp-content\/uploads\/2023\/10\/Cake-winners-1-1024x768.jpg\" alt=\"\" class=\"wp-image-442\" srcset=\"https:\/\/gellideg.net\/wp-content\/uploads\/2023\/10\/Cake-winners-1-1024x768.jpg 1024w, https:\/\/gellideg.net\/wp-content\/uploads\/2023\/10\/Cake-winners-1-300x225.jpg 300w, https:\/\/gellideg.net\/wp-content\/uploads\/2023\/10\/Cake-winners-1-768x576.jpg 768w, https:\/\/gellideg.net\/wp-content\/uploads\/2023\/10\/Cake-winners-1-1536x1152.jpg 1536w, https:\/\/gellideg.net\/wp-content\/uploads\/2023\/10\/Cake-winners-1-2048x1536.jpg 2048w\" sizes=\"(max-width: 1024px) 100vw, 1024px\" \/><\/figure>\n\n\n\n<figure class=\"wp-block-image size-large\"><img loading=\"lazy\" decoding=\"async\" width=\"768\" height=\"1024\" src=\"https:\/\/gellideg.net\/wp-content\/uploads\/2023\/10\/children-1-768x1024.jpg\" alt=\"\" class=\"wp-image-444\" srcset=\"https:\/\/gellideg.net\/wp-content\/uploads\/2023\/10\/children-1-768x1024.jpg 768w, https:\/\/gellideg.net\/wp-content\/uploads\/2023\/10\/children-1-225x300.jpg 225w, https:\/\/gellideg.net\/wp-content\/uploads\/2023\/10\/children-1-1152x1536.jpg 1152w, https:\/\/gellideg.net\/wp-content\/uploads\/2023\/10\/children-1-1536x2048.jpg 1536w, https:\/\/gellideg.net\/wp-content\/uploads\/2023\/10\/children-1-scaled.jpg 1920w\" sizes=\"(max-width: 768px) 100vw, 768px\" \/><\/figure>\n\n\n\n<figure class=\"wp-block-image size-large\"><img loading=\"lazy\" decoding=\"async\" width=\"1024\" height=\"868\" src=\"https:\/\/gellideg.net\/wp-content\/uploads\/2023\/10\/Food-1-2-1-1024x868.jpg\" alt=\"\" class=\"wp-image-443\" srcset=\"https:\/\/gellideg.net\/wp-content\/uploads\/2023\/10\/Food-1-2-1-1024x868.jpg 1024w, https:\/\/gellideg.net\/wp-content\/uploads\/2023\/10\/Food-1-2-1-300x254.jpg 300w, https:\/\/gellideg.net\/wp-content\/uploads\/2023\/10\/Food-1-2-1-768x651.jpg 768w, https:\/\/gellideg.net\/wp-content\/uploads\/2023\/10\/Food-1-2-1-1536x1302.jpg 1536w, https:\/\/gellideg.net\/wp-content\/uploads\/2023\/10\/Food-1-2-1-2048x1736.jpg 2048w\" sizes=\"(max-width: 1024px) 100vw, 1024px\" \/><\/figure>\n\n\n\n<figure class=\"wp-block-image size-large\"><img loading=\"lazy\" decoding=\"async\" width=\"600\" height=\"452\" src=\"https:\/\/gellideg.net\/wp-content\/uploads\/2023\/10\/Full-lunch-1.jpg\" alt=\"\" class=\"wp-image-431\" srcset=\"https:\/\/gellideg.net\/wp-content\/uploads\/2023\/10\/Full-lunch-1.jpg 600w, https:\/\/gellideg.net\/wp-content\/uploads\/2023\/10\/Full-lunch-1-300x226.jpg 300w\" sizes=\"(max-width: 600px) 100vw, 600px\" \/><\/figure>\n\n\n\n<figure class=\"wp-block-image size-large\"><img loading=\"lazy\" decoding=\"async\" width=\"960\" height=\"720\" src=\"https:\/\/gellideg.net\/wp-content\/uploads\/2023\/10\/bushes-1.jpg\" alt=\"\" class=\"wp-image-432\" srcset=\"https:\/\/gellideg.net\/wp-content\/uploads\/2023\/10\/bushes-1.jpg 960w, https:\/\/gellideg.net\/wp-content\/uploads\/2023\/10\/bushes-1-300x225.jpg 300w, https:\/\/gellideg.net\/wp-content\/uploads\/2023\/10\/bushes-1-768x576.jpg 768w\" sizes=\"(max-width: 960px) 100vw, 960px\" \/><\/figure>\n\n\n\n<figure class=\"wp-block-image size-large\"><img loading=\"lazy\" decoding=\"async\" width=\"1024\" height=\"768\" src=\"https:\/\/gellideg.net\/wp-content\/uploads\/2023\/10\/bus-1-1024x768.jpg\" alt=\"\" class=\"wp-image-435\" srcset=\"https:\/\/gellideg.net\/wp-content\/uploads\/2023\/10\/bus-1-1024x768.jpg 1024w, https:\/\/gellideg.net\/wp-content\/uploads\/2023\/10\/bus-1-300x225.jpg 300w, https:\/\/gellideg.net\/wp-content\/uploads\/2023\/10\/bus-1-768x576.jpg 768w, https:\/\/gellideg.net\/wp-content\/uploads\/2023\/10\/bus-1-1536x1152.jpg 1536w, https:\/\/gellideg.net\/wp-content\/uploads\/2023\/10\/bus-1.jpg 1600w\" sizes=\"(max-width: 1024px) 100vw, 1024px\" \/><\/figure>\n\n\n\n<figure class=\"wp-block-image size-large\"><img loading=\"lazy\" decoding=\"async\" width=\"1024\" height=\"876\" src=\"https:\/\/gellideg.net\/wp-content\/uploads\/2023\/10\/Annieoutsire-1-1024x876.jpg\" alt=\"\" class=\"wp-image-433\" srcset=\"https:\/\/gellideg.net\/wp-content\/uploads\/2023\/10\/Annieoutsire-1-1024x876.jpg 1024w, https:\/\/gellideg.net\/wp-content\/uploads\/2023\/10\/Annieoutsire-1-300x257.jpg 300w, https:\/\/gellideg.net\/wp-content\/uploads\/2023\/10\/Annieoutsire-1-768x657.jpg 768w, https:\/\/gellideg.net\/wp-content\/uploads\/2023\/10\/Annieoutsire-1.jpg 1216w\" sizes=\"(max-width: 1024px) 100vw, 1024px\" \/><\/figure>\n<\/figure>\n\n<\/div>\n            <\/div>\n            <div class=\"lg:basis-3\/12\">\n                            <\/div>\n        <\/div>\n<\/section>\n\n\n<div class=\"container mx-auto\">","protected":false},"excerpt":{"rendered":"","protected":false},"author":1,"featured_media":0,"parent":1022,"menu_order":0,"comment_status":"closed","ping_status":"closed","template":"","meta":{"footnotes":""},"acf":[],"yoast_head":"<!-- This site is optimized with the Yoast SEO plugin v20.12 - https:\/\/yoast.com\/wordpress\/plugins\/seo\/ -->\n<title>Rhaglen Gymunedol - Gellideg<\/title>\n<meta name=\"robots\" content=\"index, follow, max-snippet:-1, max-image-preview:large, max-video-preview:-1\" \/>\n<link rel=\"canonical\" href=\"https:\/\/gellideg.net\/cy\/yr-hyn-rydym-yn-ei-wneud\/rhaglen-gymunedol\/\" \/>\n<meta property=\"og:locale\" content=\"cy_GB\" \/>\n<meta property=\"og:type\" content=\"article\" \/>\n<meta property=\"og:title\" content=\"Rhaglen Gymunedol - Gellideg\" \/>\n<meta property=\"og:url\" content=\"https:\/\/gellideg.net\/cy\/yr-hyn-rydym-yn-ei-wneud\/rhaglen-gymunedol\/\" \/>\n<meta property=\"og:site_name\" content=\"Gellideg\" \/>\n<meta property=\"article:modified_time\" content=\"2024-03-04T11:21:40+00:00\" \/>\n<meta property=\"og:image\" content=\"https:\/\/gellideg.net\/wp-content\/uploads\/2023\/10\/craft-table-2-1-768x1024.jpg\" \/>\n<meta name=\"twitter:card\" content=\"summary_large_image\" \/>\n<meta name=\"twitter:label1\" content=\"Est. reading time\" \/>\n\t<meta name=\"twitter:data1\" content=\"1 minute\" \/>\n<script type=\"application\/ld+json\" class=\"yoast-schema-graph\">{\"@context\":\"https:\/\/schema.org\",\"@graph\":[{\"@type\":\"WebPage\",\"@id\":\"https:\/\/gellideg.net\/cy\/yr-hyn-rydym-yn-ei-wneud\/rhaglen-gymunedol\/\",\"url\":\"https:\/\/gellideg.net\/cy\/yr-hyn-rydym-yn-ei-wneud\/rhaglen-gymunedol\/\",\"name\":\"Rhaglen Gymunedol - Gellideg\",\"isPartOf\":{\"@id\":\"https:\/\/gellideg.net\/cy\/#website\"},\"datePublished\":\"2023-08-02T13:16:19+00:00\",\"dateModified\":\"2024-03-04T11:21:40+00:00\",\"breadcrumb\":{\"@id\":\"https:\/\/gellideg.net\/cy\/yr-hyn-rydym-yn-ei-wneud\/rhaglen-gymunedol\/#breadcrumb\"},\"inLanguage\":\"cy-GB\",\"potentialAction\":[{\"@type\":\"ReadAction\",\"target\":[\"https:\/\/gellideg.net\/cy\/yr-hyn-rydym-yn-ei-wneud\/rhaglen-gymunedol\/\"]}]},{\"@type\":\"BreadcrumbList\",\"@id\":\"https:\/\/gellideg.net\/cy\/yr-hyn-rydym-yn-ei-wneud\/rhaglen-gymunedol\/#breadcrumb\",\"itemListElement\":[{\"@type\":\"ListItem\",\"position\":1,\"name\":\"Home\",\"item\":\"https:\/\/gellideg.net\/cy\/cartref\/\"},{\"@type\":\"ListItem\",\"position\":2,\"name\":\"YR HYN RYDYM YN EI WNEUD\",\"item\":\"https:\/\/gellideg.net\/cy\/yr-hyn-rydym-yn-ei-wneud\/\"},{\"@type\":\"ListItem\",\"position\":3,\"name\":\"Rhaglen Gymunedol\"}]},{\"@type\":\"WebSite\",\"@id\":\"https:\/\/gellideg.net\/cy\/#website\",\"url\":\"https:\/\/gellideg.net\/cy\/\",\"name\":\"Gellideg\",\"description\":\"\",\"potentialAction\":[{\"@type\":\"SearchAction\",\"target\":{\"@type\":\"EntryPoint\",\"urlTemplate\":\"https:\/\/gellideg.net\/cy\/?s={search_term_string}\"},\"query-input\":\"required name=search_term_string\"}],\"inLanguage\":\"cy-GB\"}]}<\/script>\n<!-- \/ Yoast SEO plugin. -->","yoast_head_json":{"title":"Rhaglen Gymunedol - Gellideg","robots":{"index":"index","follow":"follow","max-snippet":"max-snippet:-1","max-image-preview":"max-image-preview:large","max-video-preview":"max-video-preview:-1"},"canonical":"https:\/\/gellideg.net\/cy\/yr-hyn-rydym-yn-ei-wneud\/rhaglen-gymunedol\/","og_locale":"cy_GB","og_type":"article","og_title":"Rhaglen Gymunedol - Gellideg","og_url":"https:\/\/gellideg.net\/cy\/yr-hyn-rydym-yn-ei-wneud\/rhaglen-gymunedol\/","og_site_name":"Gellideg","article_modified_time":"2024-03-04T11:21:40+00:00","og_image":[{"url":"https:\/\/gellideg.net\/wp-content\/uploads\/2023\/10\/craft-table-2-1-768x1024.jpg"}],"twitter_card":"summary_large_image","twitter_misc":{"Est. reading time":"1 minute"},"schema":{"@context":"https:\/\/schema.org","@graph":[{"@type":"WebPage","@id":"https:\/\/gellideg.net\/cy\/yr-hyn-rydym-yn-ei-wneud\/rhaglen-gymunedol\/","url":"https:\/\/gellideg.net\/cy\/yr-hyn-rydym-yn-ei-wneud\/rhaglen-gymunedol\/","name":"Rhaglen Gymunedol - Gellideg","isPartOf":{"@id":"https:\/\/gellideg.net\/cy\/#website"},"datePublished":"2023-08-02T13:16:19+00:00","dateModified":"2024-03-04T11:21:40+00:00","breadcrumb":{"@id":"https:\/\/gellideg.net\/cy\/yr-hyn-rydym-yn-ei-wneud\/rhaglen-gymunedol\/#breadcrumb"},"inLanguage":"cy-GB","potentialAction":[{"@type":"ReadAction","target":["https:\/\/gellideg.net\/cy\/yr-hyn-rydym-yn-ei-wneud\/rhaglen-gymunedol\/"]}]},{"@type":"BreadcrumbList","@id":"https:\/\/gellideg.net\/cy\/yr-hyn-rydym-yn-ei-wneud\/rhaglen-gymunedol\/#breadcrumb","itemListElement":[{"@type":"ListItem","position":1,"name":"Home","item":"https:\/\/gellideg.net\/cy\/cartref\/"},{"@type":"ListItem","position":2,"name":"YR HYN RYDYM YN EI WNEUD","item":"https:\/\/gellideg.net\/cy\/yr-hyn-rydym-yn-ei-wneud\/"},{"@type":"ListItem","position":3,"name":"Rhaglen Gymunedol"}]},{"@type":"WebSite","@id":"https:\/\/gellideg.net\/cy\/#website","url":"https:\/\/gellideg.net\/cy\/","name":"Gellideg","description":"","potentialAction":[{"@type":"SearchAction","target":{"@type":"EntryPoint","urlTemplate":"https:\/\/gellideg.net\/cy\/?s={search_term_string}"},"query-input":"required name=search_term_string"}],"inLanguage":"cy-GB"}]}},"_links":{"self":[{"href":"https:\/\/gellideg.net\/cy\/wp-json\/wp\/v2\/pages\/1024"}],"collection":[{"href":"https:\/\/gellideg.net\/cy\/wp-json\/wp\/v2\/pages"}],"about":[{"href":"https:\/\/gellideg.net\/cy\/wp-json\/wp\/v2\/types\/page"}],"author":[{"embeddable":true,"href":"https:\/\/gellideg.net\/cy\/wp-json\/wp\/v2\/users\/1"}],"replies":[{"embeddable":true,"href":"https:\/\/gellideg.net\/cy\/wp-json\/wp\/v2\/comments?post=1024"}],"version-history":[{"count":1,"href":"https:\/\/gellideg.net\/cy\/wp-json\/wp\/v2\/pages\/1024\/revisions"}],"predecessor-version":[{"id":1025,"href":"https:\/\/gellideg.net\/cy\/wp-json\/wp\/v2\/pages\/1024\/revisions\/1025"}],"up":[{"embeddable":true,"href":"https:\/\/gellideg.net\/cy\/wp-json\/wp\/v2\/pages\/1022"}],"wp:attachment":[{"href":"https:\/\/gellideg.net\/cy\/wp-json\/wp\/v2\/media?parent=1024"}],"curies":[{"name":"wp","href":"https:\/\/api.w.org\/{rel}","templated":true}]}}