{"id":1016,"date":"2023-10-18T09:37:08","date_gmt":"2023-10-18T08:37:08","guid":{"rendered":"https:\/\/gellideg.net\/ein-cyfleusterau\/llogi-ystafell\/"},"modified":"2024-03-04T11:10:40","modified_gmt":"2024-03-04T11:10:40","slug":"llogi-ystafell","status":"publish","type":"page","link":"https:\/\/gellideg.net\/cy\/ein-cyfleusterau\/llogi-ystafell\/","title":{"rendered":"Llogi Ystafell"},"content":{"rendered":"\n<\/div>\n\n<section  class=\"header-block\" style=\"\">\n    <div class=\"container mx-auto my-10\">\n        <div class=\"relative\">\n        <img loading=\"lazy\" decoding=\"async\" width=\"1024\" height=\"768\" src=\"https:\/\/gellideg.net\/wp-content\/uploads\/2023\/10\/col-chill-out-1-1.jpg\" class=\"mx-auto lg:h-[400px] h-[300px] w-full object-cover\" alt=\"\" srcset=\"https:\/\/gellideg.net\/wp-content\/uploads\/2023\/10\/col-chill-out-1-1.jpg 1024w, https:\/\/gellideg.net\/wp-content\/uploads\/2023\/10\/col-chill-out-1-1-300x225.jpg 300w, https:\/\/gellideg.net\/wp-content\/uploads\/2023\/10\/col-chill-out-1-1-768x576.jpg 768w\" sizes=\"(max-width: 1024px) 100vw, 1024px\" \/>            <div class=\"bg-yellow text-right\">\n        <h1 class=\" p-4\">Llogi Ystafell<\/h1>\n            <\/div>\n<!--            <svg class=\"absolute inset-0 w-full object-cover \" width=\"1400\" height=\"263\" viewBox=\"0 0 1400 263\" fill=\"none\" xmlns=\"http:\/\/www.w3.org\/2000\/svg\">-->\n<!--                <path fill-rule=\"evenodd\" clip-rule=\"evenodd\" d=\"M1207.37 0.0481063C1109.43 1.00151 995.585 16.262 856.833 57.9062C675.834 123.05 617.275 144.701 479.624 203.007C407.996 233.347 209.153 268.148 0.0226826 245.481L0 245.478V245.479V263H1400V6.46915e-06H1217.36C1217.28 -2.1554e-06 1217.21 -2.15737e-06 1217.13 6.46915e-06H1207.67L1207.37 0.0481063Z\" fill=\"#F8C919\"\/>-->\n<!--            <\/svg>-->\n\n\n        <\/div>\n    <\/div>\n<\/section>\n\n<div class=\"container mx-auto\">\n\n\n\n<\/div><section  class=\"sidebar-page-block\" style=\"\">\n    <div class=\"container mx-auto\">\n        <div class=\"flex items-start justify-between flex-wrap\">\n            <div class=\"lg:basis-9\/12 lg:pr-8\">\n                <div class=\"acf-innerblocks-container\">\n\n<figure class=\"wp-block-table\"><table><tbody><tr><td><strong>Gofod<\/strong><\/td><td><strong>Disgrifiad<\/strong><\/td><\/tr><tr><td>Ystafell Chill Out<\/td><td>Mae&#8217;r Ystafell Chillll Out ar gael ar gyfer cyflwyniadau, hyfforddiant cyfarfodydd neu achlysuron bach. Mae&#8217;n dal hyd at 30 o bobl ac mae ganddo sgrin deledu a smart. Mae gan yr ystafell gylchol hon ddodrefn meddal lliwgar ac mae ganddi gegin drws nesaf.   <\/td><\/tr><tr><td>Neuadd Gymunedol<\/td><td>Y mwyaf o&#8217;r mannau yn y ganolfan yw&#8217;r Neuadd Gymunedol. Gyda llawr pren hyblyg, mae&#8217;n addas ar gyfer gweithgareddau corfforol yn ogystal \u00e2 chyfarfodydd, cynadleddau, grwpiau chwarae, a chiniawau cymunedol. Mae&#8217;n ystafell olau ar y llawr gwaelod isaf gyda mannau parcio i&#8217;r anabl wrth ymyl y drws ffrynt. Mae&#8217;r ystafell yn dal 48 o bobl ar gyfer gweithgareddau eisteddog ac 80 gyda steil theatr wedi&#8217;i osod.    <\/td><\/tr><tr><td>Ystafell Gron<\/td><td>Mae&#8217;r Ystafell Gron drawiadol yn ddau lawr o uchder, gyda phaneli pren a llawr derw. Mae&#8217;n olau ac wedi&#8217;i greu i fod yn ofod ysbrydoledig. Gellir ei ddefnyddio ar gyfer cyfarfodydd a chynadleddau gyda thaflunydd a sgrin ar gyfer cyflwyniadau. Mae yna hefyd gamera cynhadledd i ganiat\u00e1u ar gyfer cyfarfodydd ar-lein. Gall hyd at 60 o bobl ffitio&#8217;n gyfforddus yn y gofod hwn.     <\/td><\/tr><tr><td>Ystafell Hyfforddi<\/td><td>Defnyddir yr Ystafell Hyfforddi ar gyfer cyfarfodydd a sesiynau hyfforddi, mae&#8217;n arwain at deras allanol y gellir ei ddefnyddio ymhellach ar gyfer sesiynau gr\u0175p. Mae&#8217;r ystafell wedi&#8217;i chyfarparu \u00e2 ffwrn, pl\u00e2t poeth ac oergell ac ardaloedd paratoi bwyd. Ar gyfer rhwng 8 a 15 o bobl.  <\/td><\/tr><tr><td>Swyddfa<\/td><td>Gofod swyddfa y gellir ei llogi gyda 2 desg a golygfeydd gwych. Yn breifat ac yn synhwyrol, mae&#8217;r swyddfa yn hygyrch trwy lifft a system sain. Mae troli te ar gyfer lluniaeth.   <\/td><\/tr><tr><td>Ystafell gyfarfod i fyny&#8217;r grisiau<\/td><td>Ystafell gyfarfod ar gyfer cyfarfodydd neu fel gorsafoedd gwaith ar wah\u00e2n. Yn breifat ac yn synhwyrol, mae&#8217;r swyddfa yn hygyrch trwy lifft a system sain. Mae troli te ar gyfer lluniaeth a sgrin fawr ar gyfer cyflwyniadau. Yn addas ar gyfer hyd at 20 o bobl.    <\/td><\/tr><\/tbody><\/table><\/figure>\n\n\n\n<figure class=\"wp-block-gallery has-nested-images columns-default is-cropped wp-block-gallery-1 is-layout-flex wp-block-gallery-is-layout-flex\">\n<figure class=\"wp-block-image size-large\"><img loading=\"lazy\" decoding=\"async\" width=\"768\" height=\"1024\" src=\"https:\/\/gellideg.net\/wp-content\/uploads\/2023\/10\/Office-1-768x1024.jpg\" alt=\"\" class=\"wp-image-343\" srcset=\"https:\/\/gellideg.net\/wp-content\/uploads\/2023\/10\/Office-1-768x1024.jpg 768w, https:\/\/gellideg.net\/wp-content\/uploads\/2023\/10\/Office-1-225x300.jpg 225w, https:\/\/gellideg.net\/wp-content\/uploads\/2023\/10\/Office-1-1152x1536.jpg 1152w, https:\/\/gellideg.net\/wp-content\/uploads\/2023\/10\/Office-1-1536x2048.jpg 1536w, https:\/\/gellideg.net\/wp-content\/uploads\/2023\/10\/Office-1-scaled.jpg 1920w\" sizes=\"(max-width: 768px) 100vw, 768px\" \/><figcaption class=\"wp-element-caption\">Swyddfa<\/figcaption><\/figure>\n\n\n\n<figure class=\"wp-block-image size-large\"><img loading=\"lazy\" decoding=\"async\" width=\"1024\" height=\"768\" src=\"https:\/\/gellideg.net\/wp-content\/uploads\/2023\/10\/col-upstairs-meeting.jpg\" alt=\"\" class=\"wp-image-342\" srcset=\"https:\/\/gellideg.net\/wp-content\/uploads\/2023\/10\/col-upstairs-meeting.jpg 1024w, https:\/\/gellideg.net\/wp-content\/uploads\/2023\/10\/col-upstairs-meeting-300x225.jpg 300w, https:\/\/gellideg.net\/wp-content\/uploads\/2023\/10\/col-upstairs-meeting-768x576.jpg 768w\" sizes=\"(max-width: 1024px) 100vw, 1024px\" \/><figcaption class=\"wp-element-caption\">Ystafell gyfarfod i fyny&#8217;r grisiau<\/figcaption><\/figure>\n\n\n\n<figure class=\"wp-block-image size-large\"><img loading=\"lazy\" decoding=\"async\" width=\"687\" height=\"386\" src=\"https:\/\/gellideg.net\/wp-content\/uploads\/2023\/10\/Col-chillout-2.jpg\" alt=\"\" class=\"wp-image-338\" srcset=\"https:\/\/gellideg.net\/wp-content\/uploads\/2023\/10\/Col-chillout-2.jpg 687w, https:\/\/gellideg.net\/wp-content\/uploads\/2023\/10\/Col-chillout-2-300x169.jpg 300w\" sizes=\"(max-width: 687px) 100vw, 687px\" \/><figcaption class=\"wp-element-caption\">Ystafell Chill Out<\/figcaption><\/figure>\n\n\n\n<figure class=\"wp-block-image size-large\"><img loading=\"lazy\" decoding=\"async\" width=\"1024\" height=\"768\" src=\"https:\/\/gellideg.net\/wp-content\/uploads\/2023\/10\/col-chill-out-1-1.jpg\" alt=\"\" class=\"wp-image-341\" srcset=\"https:\/\/gellideg.net\/wp-content\/uploads\/2023\/10\/col-chill-out-1-1.jpg 1024w, https:\/\/gellideg.net\/wp-content\/uploads\/2023\/10\/col-chill-out-1-1-300x225.jpg 300w, https:\/\/gellideg.net\/wp-content\/uploads\/2023\/10\/col-chill-out-1-1-768x576.jpg 768w\" sizes=\"(max-width: 1024px) 100vw, 1024px\" \/><figcaption class=\"wp-element-caption\">Ystafell Chill Out<\/figcaption><\/figure>\n\n\n\n<figure class=\"wp-block-image size-large\"><img loading=\"lazy\" decoding=\"async\" width=\"1024\" height=\"768\" src=\"https:\/\/gellideg.net\/wp-content\/uploads\/2023\/10\/Col-hall-2.jpg\" alt=\"\" class=\"wp-image-339\" srcset=\"https:\/\/gellideg.net\/wp-content\/uploads\/2023\/10\/Col-hall-2.jpg 1024w, https:\/\/gellideg.net\/wp-content\/uploads\/2023\/10\/Col-hall-2-300x225.jpg 300w, https:\/\/gellideg.net\/wp-content\/uploads\/2023\/10\/Col-hall-2-768x576.jpg 768w\" sizes=\"(max-width: 1024px) 100vw, 1024px\" \/><figcaption class=\"wp-element-caption\">Neuadd Gymunedol<\/figcaption><\/figure>\n\n\n\n<figure class=\"wp-block-image size-large\"><img loading=\"lazy\" decoding=\"async\" width=\"1024\" height=\"768\" src=\"https:\/\/gellideg.net\/wp-content\/uploads\/2023\/10\/Col-hall-1.jpg\" alt=\"\" class=\"wp-image-340\" srcset=\"https:\/\/gellideg.net\/wp-content\/uploads\/2023\/10\/Col-hall-1.jpg 1024w, https:\/\/gellideg.net\/wp-content\/uploads\/2023\/10\/Col-hall-1-300x225.jpg 300w, https:\/\/gellideg.net\/wp-content\/uploads\/2023\/10\/Col-hall-1-768x576.jpg 768w\" sizes=\"(max-width: 1024px) 100vw, 1024px\" \/><figcaption class=\"wp-element-caption\">Neuadd Gymunedol<\/figcaption><\/figure>\n\n\n\n<figure class=\"wp-block-image size-large\"><img loading=\"lazy\" decoding=\"async\" width=\"768\" height=\"1024\" src=\"https:\/\/gellideg.net\/wp-content\/uploads\/2024\/01\/crafter-kitchen.jpg\" alt=\"\" class=\"wp-image-695\" srcset=\"https:\/\/gellideg.net\/wp-content\/uploads\/2024\/01\/crafter-kitchen.jpg 768w, https:\/\/gellideg.net\/wp-content\/uploads\/2024\/01\/crafter-kitchen-225x300.jpg 225w\" sizes=\"(max-width: 768px) 100vw, 768px\" \/><figcaption class=\"wp-element-caption\">Ystafell Hyfforddi<\/figcaption><\/figure>\n\n\n\n<figure class=\"wp-block-image size-large\"><img loading=\"lazy\" decoding=\"async\" width=\"768\" height=\"1024\" src=\"https:\/\/gellideg.net\/wp-content\/uploads\/2024\/01\/board-meeting-2-768x1024.jpg\" alt=\"\" class=\"wp-image-696\" srcset=\"https:\/\/gellideg.net\/wp-content\/uploads\/2024\/01\/board-meeting-2-768x1025.jpg 768w, https:\/\/gellideg.net\/wp-content\/uploads\/2024\/01\/board-meeting-2-225x300.jpg 225w, https:\/\/gellideg.net\/wp-content\/uploads\/2024\/01\/board-meeting-2.jpg 1024w\" sizes=\"(max-width: 768px) 100vw, 768px\" \/><figcaption class=\"wp-element-caption\">Ystafell Gron<\/figcaption><\/figure>\n<\/figure>\n\n<\/div>\n            <\/div>\n            <div class=\"lg:basis-3\/12\">\n                                    <div class=\"bg-grey rounded border-yellow border-solid border-2 p-4 mb-4\">\n                        <h3 class=\"text-dark-blue mb-4\">Cysylltu<\/h3>\n                                                    <ul class=\"!list-none\">\n                                                                                                    <li class=\" !list-none py-2\">\n                                        <a href=\"https:\/\/gellideg.net\/contact\/\"\n                                           class=\"text-main-blue hover:text-main-yellow\">Cysylltu<\/a>\n                                    <\/li>\n                                                                                                <\/ul>\n                                            <\/div>\n                            <\/div>\n        <\/div>\n<\/section>\n\n\n<div class=\"container mx-auto\">","protected":false},"excerpt":{"rendered":"","protected":false},"author":1,"featured_media":0,"parent":1014,"menu_order":0,"comment_status":"closed","ping_status":"closed","template":"","meta":{"footnotes":""},"acf":[],"yoast_head":"<!-- This site is optimized with the Yoast SEO plugin v20.12 - https:\/\/yoast.com\/wordpress\/plugins\/seo\/ -->\n<title>Llogi Ystafell - Gellideg<\/title>\n<meta name=\"robots\" content=\"index, follow, max-snippet:-1, max-image-preview:large, max-video-preview:-1\" \/>\n<link rel=\"canonical\" href=\"https:\/\/gellideg.net\/cy\/ein-cyfleusterau\/llogi-ystafell\/\" \/>\n<meta property=\"og:locale\" content=\"cy_GB\" \/>\n<meta property=\"og:type\" content=\"article\" \/>\n<meta property=\"og:title\" content=\"Llogi Ystafell - Gellideg\" \/>\n<meta property=\"og:url\" content=\"https:\/\/gellideg.net\/cy\/ein-cyfleusterau\/llogi-ystafell\/\" \/>\n<meta property=\"og:site_name\" content=\"Gellideg\" \/>\n<meta property=\"article:modified_time\" content=\"2024-03-04T11:10:40+00:00\" \/>\n<meta property=\"og:image\" content=\"https:\/\/gellideg.net\/wp-content\/uploads\/2023\/10\/Office-1-768x1024.jpg\" \/>\n<meta name=\"twitter:card\" content=\"summary_large_image\" \/>\n<meta name=\"twitter:label1\" content=\"Est. reading time\" \/>\n\t<meta name=\"twitter:data1\" content=\"2 minutes\" \/>\n<script type=\"application\/ld+json\" class=\"yoast-schema-graph\">{\"@context\":\"https:\/\/schema.org\",\"@graph\":[{\"@type\":\"WebPage\",\"@id\":\"https:\/\/gellideg.net\/cy\/ein-cyfleusterau\/llogi-ystafell\/\",\"url\":\"https:\/\/gellideg.net\/cy\/ein-cyfleusterau\/llogi-ystafell\/\",\"name\":\"Llogi Ystafell - Gellideg\",\"isPartOf\":{\"@id\":\"https:\/\/gellideg.net\/cy\/#website\"},\"datePublished\":\"2023-10-18T08:37:08+00:00\",\"dateModified\":\"2024-03-04T11:10:40+00:00\",\"breadcrumb\":{\"@id\":\"https:\/\/gellideg.net\/cy\/ein-cyfleusterau\/llogi-ystafell\/#breadcrumb\"},\"inLanguage\":\"cy-GB\",\"potentialAction\":[{\"@type\":\"ReadAction\",\"target\":[\"https:\/\/gellideg.net\/cy\/ein-cyfleusterau\/llogi-ystafell\/\"]}]},{\"@type\":\"BreadcrumbList\",\"@id\":\"https:\/\/gellideg.net\/cy\/ein-cyfleusterau\/llogi-ystafell\/#breadcrumb\",\"itemListElement\":[{\"@type\":\"ListItem\",\"position\":1,\"name\":\"Home\",\"item\":\"https:\/\/gellideg.net\/cy\/cartref\/\"},{\"@type\":\"ListItem\",\"position\":2,\"name\":\"Ein Cyfleusterau\",\"item\":\"https:\/\/gellideg.net\/cy\/ein-cyfleusterau\/\"},{\"@type\":\"ListItem\",\"position\":3,\"name\":\"Llogi Ystafell\"}]},{\"@type\":\"WebSite\",\"@id\":\"https:\/\/gellideg.net\/cy\/#website\",\"url\":\"https:\/\/gellideg.net\/cy\/\",\"name\":\"Gellideg\",\"description\":\"\",\"potentialAction\":[{\"@type\":\"SearchAction\",\"target\":{\"@type\":\"EntryPoint\",\"urlTemplate\":\"https:\/\/gellideg.net\/cy\/?s={search_term_string}\"},\"query-input\":\"required name=search_term_string\"}],\"inLanguage\":\"cy-GB\"}]}<\/script>\n<!-- \/ Yoast SEO plugin. -->","yoast_head_json":{"title":"Llogi Ystafell - Gellideg","robots":{"index":"index","follow":"follow","max-snippet":"max-snippet:-1","max-image-preview":"max-image-preview:large","max-video-preview":"max-video-preview:-1"},"canonical":"https:\/\/gellideg.net\/cy\/ein-cyfleusterau\/llogi-ystafell\/","og_locale":"cy_GB","og_type":"article","og_title":"Llogi Ystafell - Gellideg","og_url":"https:\/\/gellideg.net\/cy\/ein-cyfleusterau\/llogi-ystafell\/","og_site_name":"Gellideg","article_modified_time":"2024-03-04T11:10:40+00:00","og_image":[{"url":"https:\/\/gellideg.net\/wp-content\/uploads\/2023\/10\/Office-1-768x1024.jpg"}],"twitter_card":"summary_large_image","twitter_misc":{"Est. reading time":"2 minutes"},"schema":{"@context":"https:\/\/schema.org","@graph":[{"@type":"WebPage","@id":"https:\/\/gellideg.net\/cy\/ein-cyfleusterau\/llogi-ystafell\/","url":"https:\/\/gellideg.net\/cy\/ein-cyfleusterau\/llogi-ystafell\/","name":"Llogi Ystafell - Gellideg","isPartOf":{"@id":"https:\/\/gellideg.net\/cy\/#website"},"datePublished":"2023-10-18T08:37:08+00:00","dateModified":"2024-03-04T11:10:40+00:00","breadcrumb":{"@id":"https:\/\/gellideg.net\/cy\/ein-cyfleusterau\/llogi-ystafell\/#breadcrumb"},"inLanguage":"cy-GB","potentialAction":[{"@type":"ReadAction","target":["https:\/\/gellideg.net\/cy\/ein-cyfleusterau\/llogi-ystafell\/"]}]},{"@type":"BreadcrumbList","@id":"https:\/\/gellideg.net\/cy\/ein-cyfleusterau\/llogi-ystafell\/#breadcrumb","itemListElement":[{"@type":"ListItem","position":1,"name":"Home","item":"https:\/\/gellideg.net\/cy\/cartref\/"},{"@type":"ListItem","position":2,"name":"Ein Cyfleusterau","item":"https:\/\/gellideg.net\/cy\/ein-cyfleusterau\/"},{"@type":"ListItem","position":3,"name":"Llogi Ystafell"}]},{"@type":"WebSite","@id":"https:\/\/gellideg.net\/cy\/#website","url":"https:\/\/gellideg.net\/cy\/","name":"Gellideg","description":"","potentialAction":[{"@type":"SearchAction","target":{"@type":"EntryPoint","urlTemplate":"https:\/\/gellideg.net\/cy\/?s={search_term_string}"},"query-input":"required name=search_term_string"}],"inLanguage":"cy-GB"}]}},"_links":{"self":[{"href":"https:\/\/gellideg.net\/cy\/wp-json\/wp\/v2\/pages\/1016"}],"collection":[{"href":"https:\/\/gellideg.net\/cy\/wp-json\/wp\/v2\/pages"}],"about":[{"href":"https:\/\/gellideg.net\/cy\/wp-json\/wp\/v2\/types\/page"}],"author":[{"embeddable":true,"href":"https:\/\/gellideg.net\/cy\/wp-json\/wp\/v2\/users\/1"}],"replies":[{"embeddable":true,"href":"https:\/\/gellideg.net\/cy\/wp-json\/wp\/v2\/comments?post=1016"}],"version-history":[{"count":1,"href":"https:\/\/gellideg.net\/cy\/wp-json\/wp\/v2\/pages\/1016\/revisions"}],"predecessor-version":[{"id":1017,"href":"https:\/\/gellideg.net\/cy\/wp-json\/wp\/v2\/pages\/1016\/revisions\/1017"}],"up":[{"embeddable":true,"href":"https:\/\/gellideg.net\/cy\/wp-json\/wp\/v2\/pages\/1014"}],"wp:attachment":[{"href":"https:\/\/gellideg.net\/cy\/wp-json\/wp\/v2\/media?parent=1016"}],"curies":[{"name":"wp","href":"https:\/\/api.w.org\/{rel}","templated":true}]}}